{"id":841,"date":"2020-09-14T22:14:19","date_gmt":"2020-09-14T22:14:19","guid":{"rendered":"http:\/\/transversales.teatrolineadesombra.com\/?page_id=841"},"modified":"2020-09-14T22:47:01","modified_gmt":"2020-09-14T22:47:01","slug":"t14_inicio","status":"publish","type":"page","link":"http:\/\/transversales.teatrolineadesombra.com\/?page_id=841","title":{"rendered":"Transversales #14 \/ Inicio"},"content":{"rendered":"\t\t<div data-elementor-type=\"wp-page\" data-elementor-id=\"841\" class=\"elementor elementor-841\" data-elementor-settings=\"[]\">\n\t\t\t<div class=\"elementor-inner\">\n\t\t\t\t<div class=\"elementor-section-wrap\">\n\t\t\t\t\t\t\t<section class=\"elementor-element elementor-element-e4c5375 elementor-section-full_width elementor-section-height-default elementor-section-height-default elementor-section elementor-top-section\" data-id=\"e4c5375\" data-element_type=\"section\" data-settings=\"{&quot;background_background&quot;:&quot;classic&quot;}\">\n\t\t\t\t\t\t<div class=\"elementor-container elementor-column-gap-default\">\n\t\t\t\t<div class=\"elementor-row\">\n\t\t\t\t<div class=\"elementor-element elementor-element-87e3fcd elementor-column elementor-col-100 elementor-top-column\" data-id=\"87e3fcd\" data-element_type=\"column\">\n\t\t\t<div class=\"elementor-column-wrap  elementor-element-populated\">\n\t\t\t\t\t<div class=\"elementor-widget-wrap\">\n\t\t\t\t<div class=\"elementor-element elementor-element-d888b21 elementor-widget elementor-widget-text-editor\" data-id=\"d888b21\" data-element_type=\"widget\" data-widget_type=\"text-editor.default\">\n\t\t\t\t<div class=\"elementor-widget-container\">\n\t\t\t\t\t<div class=\"elementor-text-editor elementor-clearfix\"><p><span style=\"color: #ffffff;\"><a style=\"color: #ffffff;\" href=\"http:\/\/transversales.teatrolineadesombra.com\">Transversales<\/a><\/span><br \/><span style=\"color: #ffffff;\">XIV Encuentro Internacional de Teatro del Cuerpo<\/span><\/p><\/div>\n\t\t\t\t<\/div>\n\t\t\t\t<\/div>\n\t\t\t\t<div class=\"elementor-element elementor-element-2cda59d elementor-widget elementor-widget-text-editor\" data-id=\"2cda59d\" data-element_type=\"widget\" data-widget_type=\"text-editor.default\">\n\t\t\t\t<div class=\"elementor-widget-container\">\n\t\t\t\t\t<div class=\"elementor-text-editor elementor-clearfix\"><p><span style=\"color: #ffffff;\">Argentina \/ Colombia \/ Francia \/ Uruguay \/ Italia<\/span><\/p><\/div>\n\t\t\t\t<\/div>\n\t\t\t\t<\/div>\n\t\t\t\t\t\t<\/div>\n\t\t\t<\/div>\n\t\t<\/div>\n\t\t\t\t\t\t<\/div>\n\t\t\t<\/div>\n\t\t<\/section>\n\t\t\t\t<section class=\"elementor-element elementor-element-5d57299 elementor-section-stretched elementor-section-full_width elementor-section-height-default elementor-section-height-default elementor-section elementor-top-section\" data-id=\"5d57299\" data-element_type=\"section\" data-settings=\"{&quot;stretch_section&quot;:&quot;section-stretched&quot;,&quot;background_background&quot;:&quot;classic&quot;}\">\n\t\t\t\t\t\t<div class=\"elementor-container elementor-column-gap-default\">\n\t\t\t\t<div class=\"elementor-row\">\n\t\t\t\t<div class=\"elementor-element elementor-element-ba57a9e elementor-column elementor-col-100 elementor-top-column\" data-id=\"ba57a9e\" data-element_type=\"column\">\n\t\t\t<div class=\"elementor-column-wrap  elementor-element-populated\">\n\t\t\t\t\t<div class=\"elementor-widget-wrap\">\n\t\t\t\t<div class=\"elementor-element elementor-element-8d6c01c elementor-widget elementor-widget-image\" data-id=\"8d6c01c\" data-element_type=\"widget\" data-widget_type=\"image.default\">\n\t\t\t\t<div class=\"elementor-widget-container\">\n\t\t\t\t\t<div class=\"elementor-image\">\n\t\t\t\t\t\t\t\t\t\t<img width=\"1000\" height=\"667\" src=\"http:\/\/transversales.teatrolineadesombra.com\/wp-content\/uploads\/2020\/09\/2011Trvs14-03.jpg\" class=\"attachment-full size-full\" alt=\"\" loading=\"lazy\" srcset=\"http:\/\/transversales.teatrolineadesombra.com\/wp-content\/uploads\/2020\/09\/2011Trvs14-03.jpg 1000w, http:\/\/transversales.teatrolineadesombra.com\/wp-content\/uploads\/2020\/09\/2011Trvs14-03-300x200.jpg 300w, http:\/\/transversales.teatrolineadesombra.com\/wp-content\/uploads\/2020\/09\/2011Trvs14-03-768x512.jpg 768w\" sizes=\"(max-width: 1000px) 100vw, 1000px\" \/>\t\t\t\t\t\t\t\t\t\t\t<\/div>\n\t\t\t\t<\/div>\n\t\t\t\t<\/div>\n\t\t\t\t\t\t<\/div>\n\t\t\t<\/div>\n\t\t<\/div>\n\t\t\t\t\t\t<\/div>\n\t\t\t<\/div>\n\t\t<\/section>\n\t\t\t\t<section class=\"elementor-element elementor-element-fdf40a0 elementor-section-boxed elementor-section-height-default elementor-section-height-default elementor-section elementor-top-section\" data-id=\"fdf40a0\" data-element_type=\"section\" data-settings=\"{&quot;background_background&quot;:&quot;classic&quot;}\">\n\t\t\t\t\t\t<div class=\"elementor-container elementor-column-gap-default\">\n\t\t\t\t<div class=\"elementor-row\">\n\t\t\t\t<div class=\"elementor-element elementor-element-1949a23 elementor-column elementor-col-100 elementor-top-column\" data-id=\"1949a23\" data-element_type=\"column\">\n\t\t\t<div class=\"elementor-column-wrap  elementor-element-populated\">\n\t\t\t\t\t<div class=\"elementor-widget-wrap\">\n\t\t\t\t<div class=\"elementor-element elementor-element-2411f21 elementor-widget elementor-widget-text-editor\" data-id=\"2411f21\" data-element_type=\"widget\" data-widget_type=\"text-editor.default\">\n\t\t\t\t<div class=\"elementor-widget-container\">\n\t\t\t\t\t<div class=\"elementor-text-editor elementor-clearfix\"><p><strong><span style=\"color: #ffffff;\">Emisi\u00f3n XIV \u2013 2011<\/span><\/strong><br \/><span style=\"color: #ffffff;\">Encuentro Internacional De Escena Contempor\u00e1nea<br \/><\/span><span style=\"color: #ffffff;\">Del 1 al 16 de agosto<br \/><\/span><span style=\"color: #ffffff;\">Sedes: Pachuca Hidalgo y CDMX, M\u00e9xico<\/span><\/p><p><b><span style=\"color: #ffffff;\">Programaci\u00f3n:<\/span><br \/><\/b><span style=\"color: #ffffff;\"><strong>Argentina:<\/strong> Diana Szeinblum<\/span><br \/><span style=\"color: #ffffff;\">Performance: Alaska<\/span><br \/><span style=\"color: #ffffff;\">Taller: Intercambios<\/span><\/p><p><span style=\"color: #ffffff;\"><strong>Colombia:<\/strong> Tino Fern\u00e1ndez y Juliana Reyes-CIA. L\u00b4EXPLOSE.<\/span><br \/><span style=\"color: #ffffff;\">Performance: La raz\u00f3n de las Ofelias<\/span><br \/><span style=\"color: #ffffff;\">Taller: Del beso al arte del movimiento<\/span><\/p><p><span style=\"color: #ffffff;\"><strong>Francia<\/strong>: C\u00e9cile Briand<\/span><br \/><span style=\"color: #ffffff;\">Performance: Tenir debout 8 equilibrios (manipulaci\u00f3n de movimientos)<\/span><br \/><span style=\"color: #ffffff;\">Taller: Manipulaci\u00f3n para formas y materiales<\/span><\/p><p><span style=\"color: #ffffff;\"><strong>Francia:<\/strong> Brigitte Gonz\u00e1lez-CIE.LUC AMOROS<\/span><br \/><span style=\"color: #ffffff;\">Performance: El laberinto<\/span><br \/><span style=\"color: #ffffff;\">Taller: Encuentro Alrededor de si mismo en el teatro: La noci\u00f3n de personaje<\/span><\/p><p><span style=\"color: #ffffff;\"><strong>Uruguay:<\/strong> Tamara Cubas y Francisco Lapetina &#8211; Perro Rabioso.<\/span><br \/><span style=\"color: #ffffff;\">Performance: Actos de Amor Perdidos<\/span><br \/><span style=\"color: #ffffff;\">Taller: Laboratorio de creaci\u00f3n<\/span><\/p><p><span style=\"color: #ffffff;\"><strong>Italia<\/strong>: Pippo Delbono y Pepe Robledo &#8211; CIA. PIPPO DELBONO.<\/span><br \/><span style=\"color: #ffffff;\">Performance: Enrique V<\/span><br \/><span style=\"color: #ffffff;\">Taller: La danza en el teatro. Laboratorio de trabajo grupal para \u201cEnrico V\u201d<\/span><\/p><p><span style=\"color: #ffffff;\">Seminario te\u00f3rico: Hector Bourges, Cuerpo- Escenario. Abyecci\u00f3n y Violencia<\/span><\/p><\/div>\n\t\t\t\t<\/div>\n\t\t\t\t<\/div>\n\t\t\t\t<div class=\"elementor-element elementor-element-c30c990 elementor-widget elementor-widget-gallery\" data-id=\"c30c990\" data-element_type=\"widget\" data-settings=\"{&quot;gallery_layout&quot;:&quot;justified&quot;,&quot;ideal_row_height&quot;:{&quot;unit&quot;:&quot;px&quot;,&quot;size&quot;:300,&quot;sizes&quot;:[]},&quot;lazyload&quot;:&quot;yes&quot;,&quot;ideal_row_height_tablet&quot;:{&quot;unit&quot;:&quot;px&quot;,&quot;size&quot;:150,&quot;sizes&quot;:[]},&quot;ideal_row_height_mobile&quot;:{&quot;unit&quot;:&quot;px&quot;,&quot;size&quot;:150,&quot;sizes&quot;:[]},&quot;gap&quot;:{&quot;unit&quot;:&quot;px&quot;,&quot;size&quot;:10,&quot;sizes&quot;:[]},&quot;gap_tablet&quot;:{&quot;unit&quot;:&quot;px&quot;,&quot;size&quot;:10,&quot;sizes&quot;:[]},&quot;gap_mobile&quot;:{&quot;unit&quot;:&quot;px&quot;,&quot;size&quot;:10,&quot;sizes&quot;:[]},&quot;link_to&quot;:&quot;file&quot;,&quot;overlay_background&quot;:&quot;yes&quot;,&quot;content_hover_animation&quot;:&quot;fade-in&quot;}\" data-widget_type=\"gallery.default\">\n\t\t\t\t<div class=\"elementor-widget-container\">\n\t\t\t\t\t<div class=\"elementor-gallery__container\">\n\t\t\t\t\t\t\t<a class=\"e-gallery-item elementor-gallery-item elementor-animated-content\" href=\"http:\/\/transversales.teatrolineadesombra.com\/wp-content\/uploads\/2020\/09\/2011Trvs14-01.jpg\" data-elementor-open-lightbox=\"yes\" data-elementor-lightbox-slideshow=\"all-c30c990\" data-elementor-lightbox-title=\"2011Trvs14 01\">\n\t\t\t\t\t<div class=\"e-gallery-image elementor-gallery-item__image\" data-thumbnail=\"http:\/\/transversales.teatrolineadesombra.com\/wp-content\/uploads\/2020\/09\/2011Trvs14-01.jpg\" data-width=\"811\" data-height=\"1000\" alt=\"\" ><\/div>\n\t\t\t\t\t\t\t\t\t\t<div class=\"elementor-gallery-item__overlay\"><\/div>\n\t\t\t\t\t\t\t\t\t\t\t\t\t\t<\/a>\n\t\t\t\t\t\t\t<a class=\"e-gallery-item elementor-gallery-item elementor-animated-content\" href=\"http:\/\/transversales.teatrolineadesombra.com\/wp-content\/uploads\/2020\/09\/2011Trvs14-04.jpg\" data-elementor-open-lightbox=\"yes\" data-elementor-lightbox-slideshow=\"all-c30c990\" data-elementor-lightbox-title=\"2011Trvs14 04\">\n\t\t\t\t\t<div class=\"e-gallery-image elementor-gallery-item__image\" data-thumbnail=\"http:\/\/transversales.teatrolineadesombra.com\/wp-content\/uploads\/2020\/09\/2011Trvs14-04.jpg\" data-width=\"667\" data-height=\"1000\" alt=\"\" ><\/div>\n\t\t\t\t\t\t\t\t\t\t<div class=\"elementor-gallery-item__overlay\"><\/div>\n\t\t\t\t\t\t\t\t\t\t\t\t\t\t<\/a>\n\t\t\t\t\t\t\t<a class=\"e-gallery-item elementor-gallery-item elementor-animated-content\" href=\"http:\/\/transversales.teatrolineadesombra.com\/wp-content\/uploads\/2020\/09\/2011Trvs14-05.jpg\" data-elementor-open-lightbox=\"yes\" data-elementor-lightbox-slideshow=\"all-c30c990\" data-elementor-lightbox-title=\"2011Trvs14 05\">\n\t\t\t\t\t<div class=\"e-gallery-image elementor-gallery-item__image\" data-thumbnail=\"http:\/\/transversales.teatrolineadesombra.com\/wp-content\/uploads\/2020\/09\/2011Trvs14-05.jpg\" data-width=\"1000\" data-height=\"667\" alt=\"\" ><\/div>\n\t\t\t\t\t\t\t\t\t\t<div class=\"elementor-gallery-item__overlay\"><\/div>\n\t\t\t\t\t\t\t\t\t\t\t\t\t\t<\/a>\n\t\t\t\t\t\t\t<a class=\"e-gallery-item elementor-gallery-item elementor-animated-content\" href=\"http:\/\/transversales.teatrolineadesombra.com\/wp-content\/uploads\/2020\/09\/2011Trvs14-03.jpg\" data-elementor-open-lightbox=\"yes\" data-elementor-lightbox-slideshow=\"all-c30c990\" data-elementor-lightbox-title=\"2011Trvs14 03\">\n\t\t\t\t\t<div class=\"e-gallery-image elementor-gallery-item__image\" data-thumbnail=\"http:\/\/transversales.teatrolineadesombra.com\/wp-content\/uploads\/2020\/09\/2011Trvs14-03.jpg\" data-width=\"1000\" data-height=\"667\" alt=\"\" ><\/div>\n\t\t\t\t\t\t\t\t\t\t<div class=\"elementor-gallery-item__overlay\"><\/div>\n\t\t\t\t\t\t\t\t\t\t\t\t\t\t<\/a>\n\t\t\t\t\t\t\t<a class=\"e-gallery-item elementor-gallery-item elementor-animated-content\" href=\"http:\/\/transversales.teatrolineadesombra.com\/wp-content\/uploads\/2020\/09\/2011Trvs14-12.jpg\" data-elementor-open-lightbox=\"yes\" data-elementor-lightbox-slideshow=\"all-c30c990\" data-elementor-lightbox-title=\"2011Trvs14 12\">\n\t\t\t\t\t<div class=\"e-gallery-image elementor-gallery-item__image\" data-thumbnail=\"http:\/\/transversales.teatrolineadesombra.com\/wp-content\/uploads\/2020\/09\/2011Trvs14-12.jpg\" data-width=\"1000\" data-height=\"667\" alt=\"\" ><\/div>\n\t\t\t\t\t\t\t\t\t\t<div class=\"elementor-gallery-item__overlay\"><\/div>\n\t\t\t\t\t\t\t\t\t\t\t\t\t\t<\/a>\n\t\t\t\t\t\t\t<a class=\"e-gallery-item elementor-gallery-item elementor-animated-content\" href=\"http:\/\/transversales.teatrolineadesombra.com\/wp-content\/uploads\/2020\/09\/2011Trvs14-11.jpg\" data-elementor-open-lightbox=\"yes\" data-elementor-lightbox-slideshow=\"all-c30c990\" data-elementor-lightbox-title=\"2011Trvs14 11\">\n\t\t\t\t\t<div class=\"e-gallery-image elementor-gallery-item__image\" data-thumbnail=\"http:\/\/transversales.teatrolineadesombra.com\/wp-content\/uploads\/2020\/09\/2011Trvs14-11.jpg\" data-width=\"1000\" data-height=\"667\" alt=\"\" ><\/div>\n\t\t\t\t\t\t\t\t\t\t<div class=\"elementor-gallery-item__overlay\"><\/div>\n\t\t\t\t\t\t\t\t\t\t\t\t\t\t<\/a>\n\t\t\t\t\t\t\t<a class=\"e-gallery-item elementor-gallery-item elementor-animated-content\" href=\"http:\/\/transversales.teatrolineadesombra.com\/wp-content\/uploads\/2020\/09\/2011Trvs14-10.jpg\" data-elementor-open-lightbox=\"yes\" data-elementor-lightbox-slideshow=\"all-c30c990\" data-elementor-lightbox-title=\"2011Trvs14 10\">\n\t\t\t\t\t<div class=\"e-gallery-image elementor-gallery-item__image\" data-thumbnail=\"http:\/\/transversales.teatrolineadesombra.com\/wp-content\/uploads\/2020\/09\/2011Trvs14-10.jpg\" data-width=\"1000\" data-height=\"667\" alt=\"\" ><\/div>\n\t\t\t\t\t\t\t\t\t\t<div class=\"elementor-gallery-item__overlay\"><\/div>\n\t\t\t\t\t\t\t\t\t\t\t\t\t\t<\/a>\n\t\t\t\t\t\t\t<a class=\"e-gallery-item elementor-gallery-item elementor-animated-content\" href=\"http:\/\/transversales.teatrolineadesombra.com\/wp-content\/uploads\/2020\/09\/2011Trvs14-09.jpg\" data-elementor-open-lightbox=\"yes\" data-elementor-lightbox-slideshow=\"all-c30c990\" data-elementor-lightbox-title=\"2011Trvs14 09\">\n\t\t\t\t\t<div class=\"e-gallery-image elementor-gallery-item__image\" data-thumbnail=\"http:\/\/transversales.teatrolineadesombra.com\/wp-content\/uploads\/2020\/09\/2011Trvs14-09.jpg\" data-width=\"1000\" data-height=\"667\" alt=\"\" ><\/div>\n\t\t\t\t\t\t\t\t\t\t<div class=\"elementor-gallery-item__overlay\"><\/div>\n\t\t\t\t\t\t\t\t\t\t\t\t\t\t<\/a>\n\t\t\t\t\t\t\t<a class=\"e-gallery-item elementor-gallery-item elementor-animated-content\" href=\"http:\/\/transversales.teatrolineadesombra.com\/wp-content\/uploads\/2020\/09\/2011Trvs14-08.jpg\" data-elementor-open-lightbox=\"yes\" data-elementor-lightbox-slideshow=\"all-c30c990\" data-elementor-lightbox-title=\"2011Trvs14 08\">\n\t\t\t\t\t<div class=\"e-gallery-image elementor-gallery-item__image\" data-thumbnail=\"http:\/\/transversales.teatrolineadesombra.com\/wp-content\/uploads\/2020\/09\/2011Trvs14-08.jpg\" data-width=\"1000\" data-height=\"667\" alt=\"\" ><\/div>\n\t\t\t\t\t\t\t\t\t\t<div class=\"elementor-gallery-item__overlay\"><\/div>\n\t\t\t\t\t\t\t\t\t\t\t\t\t\t<\/a>\n\t\t\t\t\t\t\t<a class=\"e-gallery-item elementor-gallery-item elementor-animated-content\" href=\"http:\/\/transversales.teatrolineadesombra.com\/wp-content\/uploads\/2020\/09\/2011Trvs14-07.jpg\" data-elementor-open-lightbox=\"yes\" data-elementor-lightbox-slideshow=\"all-c30c990\" data-elementor-lightbox-title=\"2011Trvs14 07\">\n\t\t\t\t\t<div class=\"e-gallery-image elementor-gallery-item__image\" data-thumbnail=\"http:\/\/transversales.teatrolineadesombra.com\/wp-content\/uploads\/2020\/09\/2011Trvs14-07.jpg\" data-width=\"1000\" data-height=\"667\" alt=\"\" ><\/div>\n\t\t\t\t\t\t\t\t\t\t<div class=\"elementor-gallery-item__overlay\"><\/div>\n\t\t\t\t\t\t\t\t\t\t\t\t\t\t<\/a>\n\t\t\t\t\t\t\t<a class=\"e-gallery-item elementor-gallery-item elementor-animated-content\" href=\"http:\/\/transversales.teatrolineadesombra.com\/wp-content\/uploads\/2020\/09\/2011Trvs14-06.jpg\" data-elementor-open-lightbox=\"yes\" data-elementor-lightbox-slideshow=\"all-c30c990\" data-elementor-lightbox-title=\"2011Trvs14 06\">\n\t\t\t\t\t<div class=\"e-gallery-image elementor-gallery-item__image\" data-thumbnail=\"http:\/\/transversales.teatrolineadesombra.com\/wp-content\/uploads\/2020\/09\/2011Trvs14-06.jpg\" data-width=\"667\" data-height=\"1000\" alt=\"\" ><\/div>\n\t\t\t\t\t\t\t\t\t\t<div class=\"elementor-gallery-item__overlay\"><\/div>\n\t\t\t\t\t\t\t\t\t\t\t\t\t\t<\/a>\n\t\t\t\t\t\t\t<a class=\"e-gallery-item elementor-gallery-item elementor-animated-content\" href=\"http:\/\/transversales.teatrolineadesombra.com\/wp-content\/uploads\/2020\/09\/2011Trvs14-15.jpg\" data-elementor-open-lightbox=\"yes\" data-elementor-lightbox-slideshow=\"all-c30c990\" data-elementor-lightbox-title=\"2011Trvs14 15\">\n\t\t\t\t\t<div class=\"e-gallery-image elementor-gallery-item__image\" data-thumbnail=\"http:\/\/transversales.teatrolineadesombra.com\/wp-content\/uploads\/2020\/09\/2011Trvs14-15.jpg\" data-width=\"1000\" data-height=\"816\" alt=\"\" ><\/div>\n\t\t\t\t\t\t\t\t\t\t<div class=\"elementor-gallery-item__overlay\"><\/div>\n\t\t\t\t\t\t\t\t\t\t\t\t\t\t<\/a>\n\t\t\t\t\t\t\t<a class=\"e-gallery-item elementor-gallery-item elementor-animated-content\" href=\"http:\/\/transversales.teatrolineadesombra.com\/wp-content\/uploads\/2020\/09\/2011Trvs14-14.jpg\" data-elementor-open-lightbox=\"yes\" data-elementor-lightbox-slideshow=\"all-c30c990\" data-elementor-lightbox-title=\"2011Trvs14 14\">\n\t\t\t\t\t<div class=\"e-gallery-image elementor-gallery-item__image\" data-thumbnail=\"http:\/\/transversales.teatrolineadesombra.com\/wp-content\/uploads\/2020\/09\/2011Trvs14-14.jpg\" data-width=\"1000\" data-height=\"844\" alt=\"\" ><\/div>\n\t\t\t\t\t\t\t\t\t\t<div class=\"elementor-gallery-item__overlay\"><\/div>\n\t\t\t\t\t\t\t\t\t\t\t\t\t\t<\/a>\n\t\t\t\t\t\t\t<a class=\"e-gallery-item elementor-gallery-item elementor-animated-content\" href=\"http:\/\/transversales.teatrolineadesombra.com\/wp-content\/uploads\/2020\/09\/2011Trvs14-13.jpg\" data-elementor-open-lightbox=\"yes\" data-elementor-lightbox-slideshow=\"all-c30c990\" data-elementor-lightbox-title=\"2011Trvs14 13\">\n\t\t\t\t\t<div class=\"e-gallery-image elementor-gallery-item__image\" data-thumbnail=\"http:\/\/transversales.teatrolineadesombra.com\/wp-content\/uploads\/2020\/09\/2011Trvs14-13.jpg\" data-width=\"1000\" data-height=\"801\" alt=\"\" ><\/div>\n\t\t\t\t\t\t\t\t\t\t<div class=\"elementor-gallery-item__overlay\"><\/div>\n\t\t\t\t\t\t\t\t\t\t\t\t\t\t<\/a>\n\t\t\t\t\t\t\t<a class=\"e-gallery-item elementor-gallery-item elementor-animated-content\" href=\"http:\/\/transversales.teatrolineadesombra.com\/wp-content\/uploads\/2020\/09\/2011Trvs14-17.jpg\" data-elementor-open-lightbox=\"yes\" data-elementor-lightbox-slideshow=\"all-c30c990\" data-elementor-lightbox-title=\"2011Trvs14 17\">\n\t\t\t\t\t<div class=\"e-gallery-image elementor-gallery-item__image\" data-thumbnail=\"http:\/\/transversales.teatrolineadesombra.com\/wp-content\/uploads\/2020\/09\/2011Trvs14-17.jpg\" data-width=\"1000\" data-height=\"844\" alt=\"\" ><\/div>\n\t\t\t\t\t\t\t\t\t\t<div class=\"elementor-gallery-item__overlay\"><\/div>\n\t\t\t\t\t\t\t\t\t\t\t\t\t\t<\/a>\n\t\t\t\t\t\t\t<a class=\"e-gallery-item elementor-gallery-item elementor-animated-content\" href=\"http:\/\/transversales.teatrolineadesombra.com\/wp-content\/uploads\/2020\/09\/2011Trvs14-16.jpg\" data-elementor-open-lightbox=\"yes\" data-elementor-lightbox-slideshow=\"all-c30c990\" data-elementor-lightbox-title=\"2011Trvs14 16\">\n\t\t\t\t\t<div class=\"e-gallery-image elementor-gallery-item__image\" data-thumbnail=\"http:\/\/transversales.teatrolineadesombra.com\/wp-content\/uploads\/2020\/09\/2011Trvs14-16.jpg\" data-width=\"467\" data-height=\"1000\" alt=\"\" ><\/div>\n\t\t\t\t\t\t\t\t\t\t<div class=\"elementor-gallery-item__overlay\"><\/div>\n\t\t\t\t\t\t\t\t\t\t\t\t\t\t<\/a>\n\t\t\t\t\t\t\t<a class=\"e-gallery-item elementor-gallery-item elementor-animated-content\" href=\"http:\/\/transversales.teatrolineadesombra.com\/wp-content\/uploads\/2020\/09\/2011Trvs14-02.jpg\" data-elementor-open-lightbox=\"yes\" data-elementor-lightbox-slideshow=\"all-c30c990\" data-elementor-lightbox-title=\"2011Trvs14 02\">\n\t\t\t\t\t<div class=\"e-gallery-image elementor-gallery-item__image\" data-thumbnail=\"http:\/\/transversales.teatrolineadesombra.com\/wp-content\/uploads\/2020\/09\/2011Trvs14-02.jpg\" data-width=\"1000\" data-height=\"667\" alt=\"\" ><\/div>\n\t\t\t\t\t\t\t\t\t\t<div class=\"elementor-gallery-item__overlay\"><\/div>\n\t\t\t\t\t\t\t\t\t\t\t\t\t\t<\/a>\n\t\t\t\t\t<\/div>\n\t\t\t<\/div>\n\t\t\t\t<\/div>\n\t\t\t\t\t\t<\/div>\n\t\t\t<\/div>\n\t\t<\/div>\n\t\t\t\t\t\t<\/div>\n\t\t\t<\/div>\n\t\t<\/section>\n\t\t\t\t\t\t<\/div>\n\t\t\t<\/div>\n\t\t<\/div>\n\t\t","protected":false},"excerpt":{"rendered":"<p>TransversalesXIV Encuentro Internacional de Teatro del Cuerpo Argentina \/ Colombia \/ Francia \/ Uruguay \/ Italia Emisi\u00f3n XIV \u2013 2011Encuentro Internacional De Escena Contempor\u00e1neaDel 1 al 16 de agostoSedes: Pachuca Hidalgo y CDMX, M\u00e9xico Programaci\u00f3n:Argentina: Diana SzeinblumPerformance: AlaskaTaller: Intercambios Colombia: Tino Fern\u00e1ndez y Juliana Reyes-CIA. L\u00b4EXPLOSE.Performance: La raz\u00f3n de las OfeliasTaller: Del beso al arte &#8230; <a title=\"Transversales #14 \/ Inicio\" class=\"read-more\" href=\"http:\/\/transversales.teatrolineadesombra.com\/?page_id=841\">Read more<\/a><\/p>\n","protected":false},"author":1,"featured_media":0,"parent":0,"menu_order":0,"comment_status":"closed","ping_status":"closed","template":"elementor_header_footer","meta":[],"_links":{"self":[{"href":"http:\/\/transversales.teatrolineadesombra.com\/index.php?rest_route=\/wp\/v2\/pages\/841"}],"collection":[{"href":"http:\/\/transversales.teatrolineadesombra.com\/index.php?rest_route=\/wp\/v2\/pages"}],"about":[{"href":"http:\/\/transversales.teatrolineadesombra.com\/index.php?rest_route=\/wp\/v2\/types\/page"}],"author":[{"embeddable":true,"href":"http:\/\/transversales.teatrolineadesombra.com\/index.php?rest_route=\/wp\/v2\/users\/1"}],"replies":[{"embeddable":true,"href":"http:\/\/transversales.teatrolineadesombra.com\/index.php?rest_route=%2Fwp%2Fv2%2Fcomments&post=841"}],"version-history":[{"count":4,"href":"http:\/\/transversales.teatrolineadesombra.com\/index.php?rest_route=\/wp\/v2\/pages\/841\/revisions"}],"predecessor-version":[{"id":890,"href":"http:\/\/transversales.teatrolineadesombra.com\/index.php?rest_route=\/wp\/v2\/pages\/841\/revisions\/890"}],"wp:attachment":[{"href":"http:\/\/transversales.teatrolineadesombra.com\/index.php?rest_route=%2Fwp%2Fv2%2Fmedia&parent=841"}],"curies":[{"name":"wp","href":"https:\/\/api.w.org\/{rel}","templated":true}]}}