{"id":839,"date":"2020-09-14T22:13:30","date_gmt":"2020-09-14T22:13:30","guid":{"rendered":"http:\/\/transversales.teatrolineadesombra.com\/?page_id=839"},"modified":"2020-09-14T22:29:38","modified_gmt":"2020-09-14T22:29:38","slug":"t13_inicio","status":"publish","type":"page","link":"http:\/\/transversales.teatrolineadesombra.com\/?page_id=839","title":{"rendered":"Transversales #13 \/ Inicio"},"content":{"rendered":"\t\t<div data-elementor-type=\"wp-page\" data-elementor-id=\"839\" class=\"elementor elementor-839\" data-elementor-settings=\"[]\">\n\t\t\t<div class=\"elementor-inner\">\n\t\t\t\t<div class=\"elementor-section-wrap\">\n\t\t\t\t\t\t\t<section class=\"elementor-element elementor-element-e4c5375 elementor-section-full_width elementor-section-height-default elementor-section-height-default elementor-section elementor-top-section\" data-id=\"e4c5375\" data-element_type=\"section\" data-settings=\"{&quot;background_background&quot;:&quot;classic&quot;}\">\n\t\t\t\t\t\t<div class=\"elementor-container elementor-column-gap-default\">\n\t\t\t\t<div class=\"elementor-row\">\n\t\t\t\t<div class=\"elementor-element elementor-element-87e3fcd elementor-column elementor-col-100 elementor-top-column\" data-id=\"87e3fcd\" data-element_type=\"column\">\n\t\t\t<div class=\"elementor-column-wrap  elementor-element-populated\">\n\t\t\t\t\t<div class=\"elementor-widget-wrap\">\n\t\t\t\t<div class=\"elementor-element elementor-element-d888b21 elementor-widget elementor-widget-text-editor\" data-id=\"d888b21\" data-element_type=\"widget\" data-widget_type=\"text-editor.default\">\n\t\t\t\t<div class=\"elementor-widget-container\">\n\t\t\t\t\t<div class=\"elementor-text-editor elementor-clearfix\"><p><span style=\"color: #ff9900;\"><a style=\"color: #ff9900;\" href=\"http:\/\/transversales.teatrolineadesombra.com\">Transversales<\/a><\/span><br \/><span style=\"color: #ff9900;\">XIII Encuentro Internacional de Teatro del Cuerpo<\/span><\/p><\/div>\n\t\t\t\t<\/div>\n\t\t\t\t<\/div>\n\t\t\t\t<div class=\"elementor-element elementor-element-2cda59d elementor-widget elementor-widget-text-editor\" data-id=\"2cda59d\" data-element_type=\"widget\" data-widget_type=\"text-editor.default\">\n\t\t\t\t<div class=\"elementor-widget-container\">\n\t\t\t\t\t<div class=\"elementor-text-editor elementor-clearfix\"><p><span style=\"color: #ff9900;\">Alemania \/ Argentina \/ Francia \/ Espa\u00f1a \/ B\u00e9lgica<\/span><\/p><\/div>\n\t\t\t\t<\/div>\n\t\t\t\t<\/div>\n\t\t\t\t\t\t<\/div>\n\t\t\t<\/div>\n\t\t<\/div>\n\t\t\t\t\t\t<\/div>\n\t\t\t<\/div>\n\t\t<\/section>\n\t\t\t\t<section class=\"elementor-element elementor-element-5d57299 elementor-section-stretched elementor-section-full_width elementor-section-height-default elementor-section-height-default elementor-section elementor-top-section\" data-id=\"5d57299\" data-element_type=\"section\" data-settings=\"{&quot;stretch_section&quot;:&quot;section-stretched&quot;,&quot;background_background&quot;:&quot;classic&quot;}\">\n\t\t\t\t\t\t<div class=\"elementor-container elementor-column-gap-default\">\n\t\t\t\t<div class=\"elementor-row\">\n\t\t\t\t<div class=\"elementor-element elementor-element-ba57a9e elementor-column elementor-col-100 elementor-top-column\" data-id=\"ba57a9e\" data-element_type=\"column\">\n\t\t\t<div class=\"elementor-column-wrap  elementor-element-populated\">\n\t\t\t\t\t<div class=\"elementor-widget-wrap\">\n\t\t\t\t<div class=\"elementor-element elementor-element-8d6c01c elementor-widget elementor-widget-image\" data-id=\"8d6c01c\" data-element_type=\"widget\" data-widget_type=\"image.default\">\n\t\t\t\t<div class=\"elementor-widget-container\">\n\t\t\t\t\t<div class=\"elementor-image\">\n\t\t\t\t\t\t\t\t\t\t<img width=\"1000\" height=\"667\" src=\"http:\/\/transversales.teatrolineadesombra.com\/wp-content\/uploads\/2020\/09\/2010Trvs13-03.jpg\" class=\"attachment-full size-full\" alt=\"\" loading=\"lazy\" srcset=\"http:\/\/transversales.teatrolineadesombra.com\/wp-content\/uploads\/2020\/09\/2010Trvs13-03.jpg 1000w, http:\/\/transversales.teatrolineadesombra.com\/wp-content\/uploads\/2020\/09\/2010Trvs13-03-300x200.jpg 300w, http:\/\/transversales.teatrolineadesombra.com\/wp-content\/uploads\/2020\/09\/2010Trvs13-03-768x512.jpg 768w\" sizes=\"(max-width: 1000px) 100vw, 1000px\" \/>\t\t\t\t\t\t\t\t\t\t\t<\/div>\n\t\t\t\t<\/div>\n\t\t\t\t<\/div>\n\t\t\t\t\t\t<\/div>\n\t\t\t<\/div>\n\t\t<\/div>\n\t\t\t\t\t\t<\/div>\n\t\t\t<\/div>\n\t\t<\/section>\n\t\t\t\t<section class=\"elementor-element elementor-element-fdf40a0 elementor-section-boxed elementor-section-height-default elementor-section-height-default elementor-section elementor-top-section\" data-id=\"fdf40a0\" data-element_type=\"section\" data-settings=\"{&quot;background_background&quot;:&quot;classic&quot;}\">\n\t\t\t\t\t\t<div class=\"elementor-container elementor-column-gap-default\">\n\t\t\t\t<div class=\"elementor-row\">\n\t\t\t\t<div class=\"elementor-element elementor-element-1949a23 elementor-column elementor-col-100 elementor-top-column\" data-id=\"1949a23\" data-element_type=\"column\">\n\t\t\t<div class=\"elementor-column-wrap  elementor-element-populated\">\n\t\t\t\t\t<div class=\"elementor-widget-wrap\">\n\t\t\t\t<div class=\"elementor-element elementor-element-2411f21 elementor-widget elementor-widget-text-editor\" data-id=\"2411f21\" data-element_type=\"widget\" data-widget_type=\"text-editor.default\">\n\t\t\t\t<div class=\"elementor-widget-container\">\n\t\t\t\t\t<div class=\"elementor-text-editor elementor-clearfix\"><p><span style=\"color: #ff9900;\"><strong>Emisi\u00f3n XIII. 2010<\/strong><\/span><br \/><span style=\"color: #ff9900;\">Encuentro Internacional de Escena Contempor\u00e1nea <\/span><br \/><span style=\"color: #ff9900;\">Del 4 al 18 de julio<\/span><br \/><span style=\"color: #ff9900;\">Sede: Pachuca Hidalgo, M\u00e9xico<\/span><\/p><p><span style=\"color: #ff9900;\"><strong>Programaci\u00f3n:<\/strong><\/span><br \/><span style=\"color: #ff9900;\"><strong>Alemania:<\/strong> Stefan Kaegi\/ Cie Rimini Prorokoll<\/span><br \/><span style=\"color: #ff9900;\">Performance : Best Before<\/span><\/p><p><span style=\"color: #ff9900;\"><strong>Argentina:<\/strong> Lola Arias<\/span><br \/><span style=\"color: #ff9900;\">Performance: Mi vida despu\u00e9s<\/span><\/p><p><span style=\"color: #ff9900;\"><strong>Francia:<\/strong> Dominique Boivin\/Compaigne Beau Geste<\/span><br \/><span style=\"color: #ff9900;\">Performance: Transports Exceptionnels<\/span><\/p><p><span style=\"color: #ff9900;\"><strong>Espa\u00f1a:<\/strong> Mar\u00eda J\u00e9rez \/ C\u00eda. Cuqui Jerez y Guillermo Heras<\/span><br \/><span style=\"color: #ff9900;\">Performance: The Rehearsal<\/span><br \/><span style=\"color: #ff9900;\">Roger Bernat<\/span><br \/><span style=\"color: #ff9900;\">Performance: La Consagraci\u00f3n de la Primavera<\/span><\/p><p><span style=\"color: #ff9900;\"><strong>B\u00e9lgica:<\/strong> Manh Depau y Bernard Van Eeghem<\/span><br \/><span style=\"color: #ff9900;\">Performance: How do you like my landscape?<\/span><\/p><\/div>\n\t\t\t\t<\/div>\n\t\t\t\t<\/div>\n\t\t\t\t<div class=\"elementor-element elementor-element-c30c990 elementor-widget elementor-widget-gallery\" data-id=\"c30c990\" data-element_type=\"widget\" data-settings=\"{&quot;gallery_layout&quot;:&quot;justified&quot;,&quot;ideal_row_height&quot;:{&quot;unit&quot;:&quot;px&quot;,&quot;size&quot;:300,&quot;sizes&quot;:[]},&quot;lazyload&quot;:&quot;yes&quot;,&quot;ideal_row_height_tablet&quot;:{&quot;unit&quot;:&quot;px&quot;,&quot;size&quot;:150,&quot;sizes&quot;:[]},&quot;ideal_row_height_mobile&quot;:{&quot;unit&quot;:&quot;px&quot;,&quot;size&quot;:150,&quot;sizes&quot;:[]},&quot;gap&quot;:{&quot;unit&quot;:&quot;px&quot;,&quot;size&quot;:10,&quot;sizes&quot;:[]},&quot;gap_tablet&quot;:{&quot;unit&quot;:&quot;px&quot;,&quot;size&quot;:10,&quot;sizes&quot;:[]},&quot;gap_mobile&quot;:{&quot;unit&quot;:&quot;px&quot;,&quot;size&quot;:10,&quot;sizes&quot;:[]},&quot;link_to&quot;:&quot;file&quot;,&quot;overlay_background&quot;:&quot;yes&quot;,&quot;content_hover_animation&quot;:&quot;fade-in&quot;}\" data-widget_type=\"gallery.default\">\n\t\t\t\t<div class=\"elementor-widget-container\">\n\t\t\t\t\t<div class=\"elementor-gallery__container\">\n\t\t\t\t\t\t\t<a class=\"e-gallery-item elementor-gallery-item elementor-animated-content\" href=\"http:\/\/transversales.teatrolineadesombra.com\/wp-content\/uploads\/2020\/09\/2010Trvs13-01.jpg\" data-elementor-open-lightbox=\"yes\" data-elementor-lightbox-slideshow=\"all-c30c990\" data-elementor-lightbox-title=\"2010Trvs13 01\">\n\t\t\t\t\t<div class=\"e-gallery-image elementor-gallery-item__image\" data-thumbnail=\"http:\/\/transversales.teatrolineadesombra.com\/wp-content\/uploads\/2020\/09\/2010Trvs13-01.jpg\" data-width=\"608\" data-height=\"1000\" alt=\"\" ><\/div>\n\t\t\t\t\t\t\t\t\t\t<div class=\"elementor-gallery-item__overlay\"><\/div>\n\t\t\t\t\t\t\t\t\t\t\t\t\t\t<\/a>\n\t\t\t\t\t\t\t<a class=\"e-gallery-item elementor-gallery-item elementor-animated-content\" href=\"http:\/\/transversales.teatrolineadesombra.com\/wp-content\/uploads\/2020\/09\/2010Trvs13-05.jpg\" data-elementor-open-lightbox=\"yes\" data-elementor-lightbox-slideshow=\"all-c30c990\" data-elementor-lightbox-title=\"2010Trvs13 05\">\n\t\t\t\t\t<div class=\"e-gallery-image elementor-gallery-item__image\" data-thumbnail=\"http:\/\/transversales.teatrolineadesombra.com\/wp-content\/uploads\/2020\/09\/2010Trvs13-05.jpg\" data-width=\"1000\" data-height=\"667\" alt=\"\" ><\/div>\n\t\t\t\t\t\t\t\t\t\t<div class=\"elementor-gallery-item__overlay\"><\/div>\n\t\t\t\t\t\t\t\t\t\t\t\t\t\t<\/a>\n\t\t\t\t\t\t\t<a class=\"e-gallery-item elementor-gallery-item elementor-animated-content\" href=\"http:\/\/transversales.teatrolineadesombra.com\/wp-content\/uploads\/2020\/09\/2010Trvs13-04.jpg\" data-elementor-open-lightbox=\"yes\" data-elementor-lightbox-slideshow=\"all-c30c990\" data-elementor-lightbox-title=\"2010Trvs13 04\">\n\t\t\t\t\t<div class=\"e-gallery-image elementor-gallery-item__image\" data-thumbnail=\"http:\/\/transversales.teatrolineadesombra.com\/wp-content\/uploads\/2020\/09\/2010Trvs13-04.jpg\" data-width=\"1000\" data-height=\"667\" alt=\"\" ><\/div>\n\t\t\t\t\t\t\t\t\t\t<div class=\"elementor-gallery-item__overlay\"><\/div>\n\t\t\t\t\t\t\t\t\t\t\t\t\t\t<\/a>\n\t\t\t\t\t\t\t<a class=\"e-gallery-item elementor-gallery-item elementor-animated-content\" href=\"http:\/\/transversales.teatrolineadesombra.com\/wp-content\/uploads\/2020\/09\/2010Trvs13-02.jpg\" data-elementor-open-lightbox=\"yes\" data-elementor-lightbox-slideshow=\"all-c30c990\" data-elementor-lightbox-title=\"2010Trvs13 02\">\n\t\t\t\t\t<div class=\"e-gallery-image elementor-gallery-item__image\" data-thumbnail=\"http:\/\/transversales.teatrolineadesombra.com\/wp-content\/uploads\/2020\/09\/2010Trvs13-02.jpg\" data-width=\"667\" data-height=\"1000\" alt=\"\" ><\/div>\n\t\t\t\t\t\t\t\t\t\t<div class=\"elementor-gallery-item__overlay\"><\/div>\n\t\t\t\t\t\t\t\t\t\t\t\t\t\t<\/a>\n\t\t\t\t\t\t\t<a class=\"e-gallery-item elementor-gallery-item elementor-animated-content\" href=\"http:\/\/transversales.teatrolineadesombra.com\/wp-content\/uploads\/2020\/09\/2010Trvs13-03.jpg\" data-elementor-open-lightbox=\"yes\" data-elementor-lightbox-slideshow=\"all-c30c990\" data-elementor-lightbox-title=\"2010Trvs13 03\">\n\t\t\t\t\t<div class=\"e-gallery-image elementor-gallery-item__image\" data-thumbnail=\"http:\/\/transversales.teatrolineadesombra.com\/wp-content\/uploads\/2020\/09\/2010Trvs13-03.jpg\" data-width=\"1000\" data-height=\"667\" alt=\"\" ><\/div>\n\t\t\t\t\t\t\t\t\t\t<div class=\"elementor-gallery-item__overlay\"><\/div>\n\t\t\t\t\t\t\t\t\t\t\t\t\t\t<\/a>\n\t\t\t\t\t\t\t<a class=\"e-gallery-item elementor-gallery-item elementor-animated-content\" href=\"http:\/\/transversales.teatrolineadesombra.com\/wp-content\/uploads\/2020\/09\/2010Trvs13-19.jpg\" data-elementor-open-lightbox=\"yes\" data-elementor-lightbox-slideshow=\"all-c30c990\" data-elementor-lightbox-title=\"2010Trvs13 19\">\n\t\t\t\t\t<div class=\"e-gallery-image elementor-gallery-item__image\" data-thumbnail=\"http:\/\/transversales.teatrolineadesombra.com\/wp-content\/uploads\/2020\/09\/2010Trvs13-19.jpg\" data-width=\"1000\" data-height=\"667\" alt=\"\" ><\/div>\n\t\t\t\t\t\t\t\t\t\t<div class=\"elementor-gallery-item__overlay\"><\/div>\n\t\t\t\t\t\t\t\t\t\t\t\t\t\t<\/a>\n\t\t\t\t\t\t\t<a class=\"e-gallery-item elementor-gallery-item elementor-animated-content\" href=\"http:\/\/transversales.teatrolineadesombra.com\/wp-content\/uploads\/2020\/09\/2010Trvs13-18.jpg\" data-elementor-open-lightbox=\"yes\" data-elementor-lightbox-slideshow=\"all-c30c990\" data-elementor-lightbox-title=\"2010Trvs13 18\">\n\t\t\t\t\t<div class=\"e-gallery-image elementor-gallery-item__image\" data-thumbnail=\"http:\/\/transversales.teatrolineadesombra.com\/wp-content\/uploads\/2020\/09\/2010Trvs13-18.jpg\" data-width=\"1000\" data-height=\"721\" alt=\"\" ><\/div>\n\t\t\t\t\t\t\t\t\t\t<div class=\"elementor-gallery-item__overlay\"><\/div>\n\t\t\t\t\t\t\t\t\t\t\t\t\t\t<\/a>\n\t\t\t\t\t\t\t<a class=\"e-gallery-item elementor-gallery-item elementor-animated-content\" href=\"http:\/\/transversales.teatrolineadesombra.com\/wp-content\/uploads\/2020\/09\/2010Trvs13-17.jpg\" data-elementor-open-lightbox=\"yes\" data-elementor-lightbox-slideshow=\"all-c30c990\" data-elementor-lightbox-title=\"2010Trvs13 17\">\n\t\t\t\t\t<div class=\"e-gallery-image elementor-gallery-item__image\" data-thumbnail=\"http:\/\/transversales.teatrolineadesombra.com\/wp-content\/uploads\/2020\/09\/2010Trvs13-17.jpg\" data-width=\"1000\" data-height=\"667\" alt=\"\" ><\/div>\n\t\t\t\t\t\t\t\t\t\t<div class=\"elementor-gallery-item__overlay\"><\/div>\n\t\t\t\t\t\t\t\t\t\t\t\t\t\t<\/a>\n\t\t\t\t\t\t\t<a class=\"e-gallery-item elementor-gallery-item elementor-animated-content\" href=\"http:\/\/transversales.teatrolineadesombra.com\/wp-content\/uploads\/2020\/09\/2010Trvs13-16.jpg\" data-elementor-open-lightbox=\"yes\" data-elementor-lightbox-slideshow=\"all-c30c990\" data-elementor-lightbox-title=\"2010Trvs13 16\">\n\t\t\t\t\t<div class=\"e-gallery-image elementor-gallery-item__image\" data-thumbnail=\"http:\/\/transversales.teatrolineadesombra.com\/wp-content\/uploads\/2020\/09\/2010Trvs13-16.jpg\" data-width=\"1000\" data-height=\"709\" alt=\"\" ><\/div>\n\t\t\t\t\t\t\t\t\t\t<div class=\"elementor-gallery-item__overlay\"><\/div>\n\t\t\t\t\t\t\t\t\t\t\t\t\t\t<\/a>\n\t\t\t\t\t\t\t<a class=\"e-gallery-item elementor-gallery-item elementor-animated-content\" href=\"http:\/\/transversales.teatrolineadesombra.com\/wp-content\/uploads\/2020\/09\/2010Trvs13-15.jpg\" data-elementor-open-lightbox=\"yes\" data-elementor-lightbox-slideshow=\"all-c30c990\" data-elementor-lightbox-title=\"2010Trvs13 15\">\n\t\t\t\t\t<div class=\"e-gallery-image elementor-gallery-item__image\" data-thumbnail=\"http:\/\/transversales.teatrolineadesombra.com\/wp-content\/uploads\/2020\/09\/2010Trvs13-15.jpg\" data-width=\"1000\" data-height=\"667\" alt=\"\" ><\/div>\n\t\t\t\t\t\t\t\t\t\t<div class=\"elementor-gallery-item__overlay\"><\/div>\n\t\t\t\t\t\t\t\t\t\t\t\t\t\t<\/a>\n\t\t\t\t\t\t\t<a class=\"e-gallery-item elementor-gallery-item elementor-animated-content\" href=\"http:\/\/transversales.teatrolineadesombra.com\/wp-content\/uploads\/2020\/09\/2010Trvs13-14.jpg\" data-elementor-open-lightbox=\"yes\" data-elementor-lightbox-slideshow=\"all-c30c990\" data-elementor-lightbox-title=\"2010Trvs13 14\">\n\t\t\t\t\t<div class=\"e-gallery-image elementor-gallery-item__image\" data-thumbnail=\"http:\/\/transversales.teatrolineadesombra.com\/wp-content\/uploads\/2020\/09\/2010Trvs13-14.jpg\" data-width=\"1000\" data-height=\"667\" alt=\"\" ><\/div>\n\t\t\t\t\t\t\t\t\t\t<div class=\"elementor-gallery-item__overlay\"><\/div>\n\t\t\t\t\t\t\t\t\t\t\t\t\t\t<\/a>\n\t\t\t\t\t\t\t<a class=\"e-gallery-item elementor-gallery-item elementor-animated-content\" href=\"http:\/\/transversales.teatrolineadesombra.com\/wp-content\/uploads\/2020\/09\/2010Trvs13-13.jpg\" data-elementor-open-lightbox=\"yes\" data-elementor-lightbox-slideshow=\"all-c30c990\" data-elementor-lightbox-title=\"2010Trvs13 13\">\n\t\t\t\t\t<div class=\"e-gallery-image elementor-gallery-item__image\" data-thumbnail=\"http:\/\/transversales.teatrolineadesombra.com\/wp-content\/uploads\/2020\/09\/2010Trvs13-13.jpg\" data-width=\"1000\" data-height=\"655\" alt=\"\" ><\/div>\n\t\t\t\t\t\t\t\t\t\t<div class=\"elementor-gallery-item__overlay\"><\/div>\n\t\t\t\t\t\t\t\t\t\t\t\t\t\t<\/a>\n\t\t\t\t\t\t\t<a class=\"e-gallery-item elementor-gallery-item elementor-animated-content\" href=\"http:\/\/transversales.teatrolineadesombra.com\/wp-content\/uploads\/2020\/09\/2010Trvs13-12.jpg\" data-elementor-open-lightbox=\"yes\" data-elementor-lightbox-slideshow=\"all-c30c990\" data-elementor-lightbox-title=\"2010Trvs13 12\">\n\t\t\t\t\t<div class=\"e-gallery-image elementor-gallery-item__image\" data-thumbnail=\"http:\/\/transversales.teatrolineadesombra.com\/wp-content\/uploads\/2020\/09\/2010Trvs13-12.jpg\" data-width=\"1000\" data-height=\"715\" alt=\"\" ><\/div>\n\t\t\t\t\t\t\t\t\t\t<div class=\"elementor-gallery-item__overlay\"><\/div>\n\t\t\t\t\t\t\t\t\t\t\t\t\t\t<\/a>\n\t\t\t\t\t\t\t<a class=\"e-gallery-item elementor-gallery-item elementor-animated-content\" href=\"http:\/\/transversales.teatrolineadesombra.com\/wp-content\/uploads\/2020\/09\/2010Trvs13-11.jpg\" data-elementor-open-lightbox=\"yes\" data-elementor-lightbox-slideshow=\"all-c30c990\" data-elementor-lightbox-title=\"2010Trvs13 11\">\n\t\t\t\t\t<div class=\"e-gallery-image elementor-gallery-item__image\" data-thumbnail=\"http:\/\/transversales.teatrolineadesombra.com\/wp-content\/uploads\/2020\/09\/2010Trvs13-11.jpg\" data-width=\"1000\" data-height=\"667\" alt=\"\" ><\/div>\n\t\t\t\t\t\t\t\t\t\t<div class=\"elementor-gallery-item__overlay\"><\/div>\n\t\t\t\t\t\t\t\t\t\t\t\t\t\t<\/a>\n\t\t\t\t\t\t\t<a class=\"e-gallery-item elementor-gallery-item elementor-animated-content\" href=\"http:\/\/transversales.teatrolineadesombra.com\/wp-content\/uploads\/2020\/09\/2010Trvs13-10.jpg\" data-elementor-open-lightbox=\"yes\" data-elementor-lightbox-slideshow=\"all-c30c990\" data-elementor-lightbox-title=\"2010Trvs13 10\">\n\t\t\t\t\t<div class=\"e-gallery-image elementor-gallery-item__image\" data-thumbnail=\"http:\/\/transversales.teatrolineadesombra.com\/wp-content\/uploads\/2020\/09\/2010Trvs13-10.jpg\" data-width=\"1000\" data-height=\"667\" alt=\"\" ><\/div>\n\t\t\t\t\t\t\t\t\t\t<div class=\"elementor-gallery-item__overlay\"><\/div>\n\t\t\t\t\t\t\t\t\t\t\t\t\t\t<\/a>\n\t\t\t\t\t\t\t<a class=\"e-gallery-item elementor-gallery-item elementor-animated-content\" href=\"http:\/\/transversales.teatrolineadesombra.com\/wp-content\/uploads\/2020\/09\/2010Trvs13-09.jpg\" data-elementor-open-lightbox=\"yes\" data-elementor-lightbox-slideshow=\"all-c30c990\" data-elementor-lightbox-title=\"2010Trvs13 09\">\n\t\t\t\t\t<div class=\"e-gallery-image elementor-gallery-item__image\" data-thumbnail=\"http:\/\/transversales.teatrolineadesombra.com\/wp-content\/uploads\/2020\/09\/2010Trvs13-09.jpg\" data-width=\"1000\" data-height=\"649\" alt=\"\" ><\/div>\n\t\t\t\t\t\t\t\t\t\t<div class=\"elementor-gallery-item__overlay\"><\/div>\n\t\t\t\t\t\t\t\t\t\t\t\t\t\t<\/a>\n\t\t\t\t\t\t\t<a class=\"e-gallery-item elementor-gallery-item elementor-animated-content\" href=\"http:\/\/transversales.teatrolineadesombra.com\/wp-content\/uploads\/2020\/09\/2010Trvs13-08.jpg\" data-elementor-open-lightbox=\"yes\" data-elementor-lightbox-slideshow=\"all-c30c990\" data-elementor-lightbox-title=\"2010Trvs13 08\">\n\t\t\t\t\t<div class=\"e-gallery-image elementor-gallery-item__image\" data-thumbnail=\"http:\/\/transversales.teatrolineadesombra.com\/wp-content\/uploads\/2020\/09\/2010Trvs13-08.jpg\" data-width=\"1000\" data-height=\"667\" alt=\"\" ><\/div>\n\t\t\t\t\t\t\t\t\t\t<div class=\"elementor-gallery-item__overlay\"><\/div>\n\t\t\t\t\t\t\t\t\t\t\t\t\t\t<\/a>\n\t\t\t\t\t\t\t<a class=\"e-gallery-item elementor-gallery-item elementor-animated-content\" href=\"http:\/\/transversales.teatrolineadesombra.com\/wp-content\/uploads\/2020\/09\/2010Trvs13-07.jpg\" data-elementor-open-lightbox=\"yes\" data-elementor-lightbox-slideshow=\"all-c30c990\" data-elementor-lightbox-title=\"2010Trvs13 07\">\n\t\t\t\t\t<div class=\"e-gallery-image elementor-gallery-item__image\" data-thumbnail=\"http:\/\/transversales.teatrolineadesombra.com\/wp-content\/uploads\/2020\/09\/2010Trvs13-07.jpg\" data-width=\"1000\" data-height=\"667\" alt=\"\" ><\/div>\n\t\t\t\t\t\t\t\t\t\t<div class=\"elementor-gallery-item__overlay\"><\/div>\n\t\t\t\t\t\t\t\t\t\t\t\t\t\t<\/a>\n\t\t\t\t\t\t\t<a class=\"e-gallery-item elementor-gallery-item elementor-animated-content\" href=\"http:\/\/transversales.teatrolineadesombra.com\/wp-content\/uploads\/2020\/09\/2010Trvs13-06.jpg\" data-elementor-open-lightbox=\"yes\" data-elementor-lightbox-slideshow=\"all-c30c990\" data-elementor-lightbox-title=\"2010Trvs13 06\">\n\t\t\t\t\t<div class=\"e-gallery-image elementor-gallery-item__image\" data-thumbnail=\"http:\/\/transversales.teatrolineadesombra.com\/wp-content\/uploads\/2020\/09\/2010Trvs13-06.jpg\" data-width=\"1000\" data-height=\"667\" alt=\"\" ><\/div>\n\t\t\t\t\t\t\t\t\t\t<div class=\"elementor-gallery-item__overlay\"><\/div>\n\t\t\t\t\t\t\t\t\t\t\t\t\t\t<\/a>\n\t\t\t\t\t<\/div>\n\t\t\t<\/div>\n\t\t\t\t<\/div>\n\t\t\t\t\t\t<\/div>\n\t\t\t<\/div>\n\t\t<\/div>\n\t\t\t\t\t\t<\/div>\n\t\t\t<\/div>\n\t\t<\/section>\n\t\t\t\t\t\t<\/div>\n\t\t\t<\/div>\n\t\t<\/div>\n\t\t","protected":false},"excerpt":{"rendered":"<p>TransversalesXIII Encuentro Internacional de Teatro del Cuerpo Alemania \/ Argentina \/ Francia \/ Espa\u00f1a \/ B\u00e9lgica Emisi\u00f3n XIII. 2010Encuentro Internacional de Escena Contempor\u00e1nea Del 4 al 18 de julioSede: Pachuca Hidalgo, M\u00e9xico Programaci\u00f3n:Alemania: Stefan Kaegi\/ Cie Rimini ProrokollPerformance : Best Before Argentina: Lola AriasPerformance: Mi vida despu\u00e9s Francia: Dominique Boivin\/Compaigne Beau GestePerformance: Transports Exceptionnels Espa\u00f1a: &#8230; <a title=\"Transversales #13 \/ Inicio\" class=\"read-more\" href=\"http:\/\/transversales.teatrolineadesombra.com\/?page_id=839\">Read more<\/a><\/p>\n","protected":false},"author":1,"featured_media":0,"parent":0,"menu_order":0,"comment_status":"closed","ping_status":"closed","template":"elementor_header_footer","meta":[],"_links":{"self":[{"href":"http:\/\/transversales.teatrolineadesombra.com\/index.php?rest_route=\/wp\/v2\/pages\/839"}],"collection":[{"href":"http:\/\/transversales.teatrolineadesombra.com\/index.php?rest_route=\/wp\/v2\/pages"}],"about":[{"href":"http:\/\/transversales.teatrolineadesombra.com\/index.php?rest_route=\/wp\/v2\/types\/page"}],"author":[{"embeddable":true,"href":"http:\/\/transversales.teatrolineadesombra.com\/index.php?rest_route=\/wp\/v2\/users\/1"}],"replies":[{"embeddable":true,"href":"http:\/\/transversales.teatrolineadesombra.com\/index.php?rest_route=%2Fwp%2Fv2%2Fcomments&post=839"}],"version-history":[{"count":7,"href":"http:\/\/transversales.teatrolineadesombra.com\/index.php?rest_route=\/wp\/v2\/pages\/839\/revisions"}],"predecessor-version":[{"id":869,"href":"http:\/\/transversales.teatrolineadesombra.com\/index.php?rest_route=\/wp\/v2\/pages\/839\/revisions\/869"}],"wp:attachment":[{"href":"http:\/\/transversales.teatrolineadesombra.com\/index.php?rest_route=%2Fwp%2Fv2%2Fmedia&parent=839"}],"curies":[{"name":"wp","href":"https:\/\/api.w.org\/{rel}","templated":true}]}}