{"id":656,"date":"2020-09-11T07:15:16","date_gmt":"2020-09-11T07:15:16","guid":{"rendered":"http:\/\/transversales.teatrolineadesombra.com\/?page_id=656"},"modified":"2020-09-14T21:51:23","modified_gmt":"2020-09-14T21:51:23","slug":"t05_inicio","status":"publish","type":"page","link":"http:\/\/transversales.teatrolineadesombra.com\/?page_id=656","title":{"rendered":"Transversales #05 \/ Inicio"},"content":{"rendered":"\t\t<div data-elementor-type=\"wp-page\" data-elementor-id=\"656\" class=\"elementor elementor-656\" data-elementor-settings=\"[]\">\n\t\t\t<div class=\"elementor-inner\">\n\t\t\t\t<div class=\"elementor-section-wrap\">\n\t\t\t\t\t\t\t<section class=\"elementor-element elementor-element-e4c5375 elementor-section-full_width elementor-section-height-default elementor-section-height-default elementor-section elementor-top-section\" data-id=\"e4c5375\" data-element_type=\"section\" data-settings=\"{&quot;background_background&quot;:&quot;classic&quot;}\">\n\t\t\t\t\t\t<div class=\"elementor-container elementor-column-gap-default\">\n\t\t\t\t<div class=\"elementor-row\">\n\t\t\t\t<div class=\"elementor-element elementor-element-87e3fcd elementor-column elementor-col-100 elementor-top-column\" data-id=\"87e3fcd\" data-element_type=\"column\">\n\t\t\t<div class=\"elementor-column-wrap  elementor-element-populated\">\n\t\t\t\t\t<div class=\"elementor-widget-wrap\">\n\t\t\t\t<div class=\"elementor-element elementor-element-d888b21 elementor-widget elementor-widget-text-editor\" data-id=\"d888b21\" data-element_type=\"widget\" data-widget_type=\"text-editor.default\">\n\t\t\t\t<div class=\"elementor-widget-container\">\n\t\t\t\t\t<div class=\"elementor-text-editor elementor-clearfix\"><p><span style=\"color: #ffffff;\"><a style=\"color: #ffffff;\" href=\"http:\/\/transversales.teatrolineadesombra.com\">Transversales<\/a><\/span><br \/><span style=\"color: #ffffff;\">V Encuentro Internacional de Teatro del Cuerpo<\/span><\/p><\/div>\n\t\t\t\t<\/div>\n\t\t\t\t<\/div>\n\t\t\t\t<div class=\"elementor-element elementor-element-2cda59d elementor-widget elementor-widget-text-editor\" data-id=\"2cda59d\" data-element_type=\"widget\" data-widget_type=\"text-editor.default\">\n\t\t\t\t<div class=\"elementor-widget-container\">\n\t\t\t\t\t<div class=\"elementor-text-editor elementor-clearfix\"><p><span style=\"color: #ffffff;\">Chile \/ Mexico \/\u00a0Quebec \/\u00a0Rusia \/\u00a0Francia<\/span><\/p><\/div>\n\t\t\t\t<\/div>\n\t\t\t\t<\/div>\n\t\t\t\t\t\t<\/div>\n\t\t\t<\/div>\n\t\t<\/div>\n\t\t\t\t\t\t<\/div>\n\t\t\t<\/div>\n\t\t<\/section>\n\t\t\t\t<section class=\"elementor-element elementor-element-5d57299 elementor-section-stretched elementor-section-full_width elementor-section-height-default elementor-section-height-default elementor-section elementor-top-section\" data-id=\"5d57299\" data-element_type=\"section\" data-settings=\"{&quot;stretch_section&quot;:&quot;section-stretched&quot;,&quot;background_background&quot;:&quot;classic&quot;}\">\n\t\t\t\t\t\t<div class=\"elementor-container elementor-column-gap-default\">\n\t\t\t\t<div class=\"elementor-row\">\n\t\t\t\t<div class=\"elementor-element elementor-element-ba57a9e elementor-column elementor-col-100 elementor-top-column\" data-id=\"ba57a9e\" data-element_type=\"column\">\n\t\t\t<div class=\"elementor-column-wrap  elementor-element-populated\">\n\t\t\t\t\t<div class=\"elementor-widget-wrap\">\n\t\t\t\t<div class=\"elementor-element elementor-element-8d6c01c elementor-widget elementor-widget-image\" data-id=\"8d6c01c\" data-element_type=\"widget\" data-widget_type=\"image.default\">\n\t\t\t\t<div class=\"elementor-widget-container\">\n\t\t\t\t\t<div class=\"elementor-image\">\n\t\t\t\t\t\t\t\t\t\t<img width=\"1000\" height=\"663\" src=\"http:\/\/transversales.teatrolineadesombra.com\/wp-content\/uploads\/2020\/09\/2002Trvs05-03.jpg\" class=\"attachment-full size-full\" alt=\"\" loading=\"lazy\" srcset=\"http:\/\/transversales.teatrolineadesombra.com\/wp-content\/uploads\/2020\/09\/2002Trvs05-03.jpg 1000w, http:\/\/transversales.teatrolineadesombra.com\/wp-content\/uploads\/2020\/09\/2002Trvs05-03-300x199.jpg 300w, http:\/\/transversales.teatrolineadesombra.com\/wp-content\/uploads\/2020\/09\/2002Trvs05-03-768x509.jpg 768w\" sizes=\"(max-width: 1000px) 100vw, 1000px\" \/>\t\t\t\t\t\t\t\t\t\t\t<\/div>\n\t\t\t\t<\/div>\n\t\t\t\t<\/div>\n\t\t\t\t\t\t<\/div>\n\t\t\t<\/div>\n\t\t<\/div>\n\t\t\t\t\t\t<\/div>\n\t\t\t<\/div>\n\t\t<\/section>\n\t\t\t\t<section class=\"elementor-element elementor-element-fdf40a0 elementor-section-boxed elementor-section-height-default elementor-section-height-default elementor-section elementor-top-section\" data-id=\"fdf40a0\" data-element_type=\"section\" data-settings=\"{&quot;background_background&quot;:&quot;classic&quot;}\">\n\t\t\t\t\t\t<div class=\"elementor-container elementor-column-gap-default\">\n\t\t\t\t<div class=\"elementor-row\">\n\t\t\t\t<div class=\"elementor-element elementor-element-1949a23 elementor-column elementor-col-100 elementor-top-column\" data-id=\"1949a23\" data-element_type=\"column\">\n\t\t\t<div class=\"elementor-column-wrap  elementor-element-populated\">\n\t\t\t\t\t<div class=\"elementor-widget-wrap\">\n\t\t\t\t<div class=\"elementor-element elementor-element-2411f21 elementor-widget elementor-widget-text-editor\" data-id=\"2411f21\" data-element_type=\"widget\" data-widget_type=\"text-editor.default\">\n\t\t\t\t<div class=\"elementor-widget-container\">\n\t\t\t\t\t<div class=\"elementor-text-editor elementor-clearfix\"><p><span style=\"color: #ffffff;\"><strong>Emisi\u00f3n V \u2013 2002<\/strong><\/span><br \/><span style=\"color: #ffffff;\">Encuentro Internacional de Teatro del Cuerpo<br \/>El Cuerpo Territorio de Creaci\u00f3n.<\/span><br \/><span style=\"color: #ffffff;\">Del 25 de agosto al 5 de septiembre<br \/><\/span><span style=\"color: #ffffff;\">Sede: Quer\u00e9taro, M\u00e9xico<\/span><\/p><p><span style=\"color: #ffffff;\"><strong>Programaci\u00f3n:<\/strong><\/span><br \/><span style=\"color: #ffffff;\"><strong>Chille, Mexico<br \/><\/strong>Performance: El muchacho que se quer\u00eda casar, por Ignacio Miranda<\/span><br \/><span style=\"color: #ffffff;\">Taller: Introducci\u00f3n al trabajo de mascara por Ignacio Miranda<\/span><\/p><p><span style=\"color: #ffffff;\"><strong>Quebec:<\/strong> Jocelyne M<\/span><br \/><span style=\"color: #ffffff;\">Performance: Icono Transverbero<\/span><br \/><span style=\"color: #ffffff;\">Taller: Con Jocelyne Montpetit<\/span><\/p><p><span style=\"color: #ffffff;\"><strong>Rusia<\/strong>: Akhe Group<\/span><br \/><span style=\"color: #ffffff;\">Performance: White Cabin<\/span><br \/><span style=\"color: #ffffff;\">Taller: Teatro Visual<\/span><\/p><p><span style=\"color: #ffffff;\"><strong>Francia<\/strong> : Projet In Situ<\/span><br \/><span style=\"color: #ffffff;\">Performance\u00a0: Miradas Cruzadas, Martin Chapul, Projet in Situ<\/span><br \/><span style=\"color: #ffffff;\">Taller: Voz y objetos sonorous por Henri Ogier y Dominique Montain<\/span><\/p><\/div>\n\t\t\t\t<\/div>\n\t\t\t\t<\/div>\n\t\t\t\t<div class=\"elementor-element elementor-element-c30c990 elementor-widget elementor-widget-gallery\" data-id=\"c30c990\" data-element_type=\"widget\" data-settings=\"{&quot;gallery_layout&quot;:&quot;justified&quot;,&quot;ideal_row_height&quot;:{&quot;unit&quot;:&quot;px&quot;,&quot;size&quot;:300,&quot;sizes&quot;:[]},&quot;lazyload&quot;:&quot;yes&quot;,&quot;ideal_row_height_tablet&quot;:{&quot;unit&quot;:&quot;px&quot;,&quot;size&quot;:150,&quot;sizes&quot;:[]},&quot;ideal_row_height_mobile&quot;:{&quot;unit&quot;:&quot;px&quot;,&quot;size&quot;:150,&quot;sizes&quot;:[]},&quot;gap&quot;:{&quot;unit&quot;:&quot;px&quot;,&quot;size&quot;:10,&quot;sizes&quot;:[]},&quot;gap_tablet&quot;:{&quot;unit&quot;:&quot;px&quot;,&quot;size&quot;:10,&quot;sizes&quot;:[]},&quot;gap_mobile&quot;:{&quot;unit&quot;:&quot;px&quot;,&quot;size&quot;:10,&quot;sizes&quot;:[]},&quot;link_to&quot;:&quot;file&quot;,&quot;overlay_background&quot;:&quot;yes&quot;,&quot;content_hover_animation&quot;:&quot;fade-in&quot;}\" data-widget_type=\"gallery.default\">\n\t\t\t\t<div class=\"elementor-widget-container\">\n\t\t\t\t\t<div class=\"elementor-gallery__container\">\n\t\t\t\t\t\t\t<a class=\"e-gallery-item elementor-gallery-item elementor-animated-content\" href=\"http:\/\/transversales.teatrolineadesombra.com\/wp-content\/uploads\/2020\/09\/2002Trvs05-01.jpg\" data-elementor-open-lightbox=\"yes\" data-elementor-lightbox-slideshow=\"all-c30c990\" data-elementor-lightbox-title=\"2002Trvs05 01\">\n\t\t\t\t\t<div class=\"e-gallery-image elementor-gallery-item__image\" data-thumbnail=\"http:\/\/transversales.teatrolineadesombra.com\/wp-content\/uploads\/2020\/09\/2002Trvs05-01.jpg\" data-width=\"760\" data-height=\"1000\" alt=\"\" ><\/div>\n\t\t\t\t\t\t\t\t\t\t<div class=\"elementor-gallery-item__overlay\"><\/div>\n\t\t\t\t\t\t\t\t\t\t\t\t\t\t<\/a>\n\t\t\t\t\t\t\t<a class=\"e-gallery-item elementor-gallery-item elementor-animated-content\" href=\"http:\/\/transversales.teatrolineadesombra.com\/wp-content\/uploads\/2020\/09\/2002Trvs05-02.jpg\" data-elementor-open-lightbox=\"yes\" data-elementor-lightbox-slideshow=\"all-c30c990\" data-elementor-lightbox-title=\"2002Trvs05 02\">\n\t\t\t\t\t<div class=\"e-gallery-image elementor-gallery-item__image\" data-thumbnail=\"http:\/\/transversales.teatrolineadesombra.com\/wp-content\/uploads\/2020\/09\/2002Trvs05-02.jpg\" data-width=\"1000\" data-height=\"663\" alt=\"\" ><\/div>\n\t\t\t\t\t\t\t\t\t\t<div class=\"elementor-gallery-item__overlay\"><\/div>\n\t\t\t\t\t\t\t\t\t\t\t\t\t\t<\/a>\n\t\t\t\t\t\t\t<a class=\"e-gallery-item elementor-gallery-item elementor-animated-content\" href=\"http:\/\/transversales.teatrolineadesombra.com\/wp-content\/uploads\/2020\/09\/2002Trvs05-03.jpg\" data-elementor-open-lightbox=\"yes\" data-elementor-lightbox-slideshow=\"all-c30c990\" data-elementor-lightbox-title=\"2002Trvs05 03\">\n\t\t\t\t\t<div class=\"e-gallery-image elementor-gallery-item__image\" data-thumbnail=\"http:\/\/transversales.teatrolineadesombra.com\/wp-content\/uploads\/2020\/09\/2002Trvs05-03.jpg\" data-width=\"1000\" data-height=\"663\" alt=\"\" ><\/div>\n\t\t\t\t\t\t\t\t\t\t<div class=\"elementor-gallery-item__overlay\"><\/div>\n\t\t\t\t\t\t\t\t\t\t\t\t\t\t<\/a>\n\t\t\t\t\t\t\t<a class=\"e-gallery-item elementor-gallery-item elementor-animated-content\" href=\"http:\/\/transversales.teatrolineadesombra.com\/wp-content\/uploads\/2020\/09\/2002Trvs05-04.jpg\" data-elementor-open-lightbox=\"yes\" data-elementor-lightbox-slideshow=\"all-c30c990\" data-elementor-lightbox-title=\"2002Trvs05 04\">\n\t\t\t\t\t<div class=\"e-gallery-image elementor-gallery-item__image\" data-thumbnail=\"http:\/\/transversales.teatrolineadesombra.com\/wp-content\/uploads\/2020\/09\/2002Trvs05-04.jpg\" data-width=\"1000\" data-height=\"667\" alt=\"\" ><\/div>\n\t\t\t\t\t\t\t\t\t\t<div class=\"elementor-gallery-item__overlay\"><\/div>\n\t\t\t\t\t\t\t\t\t\t\t\t\t\t<\/a>\n\t\t\t\t\t\t\t<a class=\"e-gallery-item elementor-gallery-item elementor-animated-content\" href=\"http:\/\/transversales.teatrolineadesombra.com\/wp-content\/uploads\/2020\/09\/2002Trvs05-09.jpg\" data-elementor-open-lightbox=\"yes\" data-elementor-lightbox-slideshow=\"all-c30c990\" data-elementor-lightbox-title=\"2002Trvs05 09\">\n\t\t\t\t\t<div class=\"e-gallery-image elementor-gallery-item__image\" data-thumbnail=\"http:\/\/transversales.teatrolineadesombra.com\/wp-content\/uploads\/2020\/09\/2002Trvs05-09.jpg\" data-width=\"1000\" data-height=\"667\" alt=\"\" ><\/div>\n\t\t\t\t\t\t\t\t\t\t<div class=\"elementor-gallery-item__overlay\"><\/div>\n\t\t\t\t\t\t\t\t\t\t\t\t\t\t<\/a>\n\t\t\t\t\t\t\t<a class=\"e-gallery-item elementor-gallery-item elementor-animated-content\" href=\"http:\/\/transversales.teatrolineadesombra.com\/wp-content\/uploads\/2020\/09\/2002Trvs05-08.jpg\" data-elementor-open-lightbox=\"yes\" data-elementor-lightbox-slideshow=\"all-c30c990\" data-elementor-lightbox-title=\"2002Trvs05 08\">\n\t\t\t\t\t<div class=\"e-gallery-image elementor-gallery-item__image\" data-thumbnail=\"http:\/\/transversales.teatrolineadesombra.com\/wp-content\/uploads\/2020\/09\/2002Trvs05-08.jpg\" data-width=\"1000\" data-height=\"667\" alt=\"\" ><\/div>\n\t\t\t\t\t\t\t\t\t\t<div class=\"elementor-gallery-item__overlay\"><\/div>\n\t\t\t\t\t\t\t\t\t\t\t\t\t\t<\/a>\n\t\t\t\t\t\t\t<a class=\"e-gallery-item elementor-gallery-item elementor-animated-content\" href=\"http:\/\/transversales.teatrolineadesombra.com\/wp-content\/uploads\/2020\/09\/2002Trvs05-07.jpg\" data-elementor-open-lightbox=\"yes\" data-elementor-lightbox-slideshow=\"all-c30c990\" data-elementor-lightbox-title=\"2002Trvs05 07\">\n\t\t\t\t\t<div class=\"e-gallery-image elementor-gallery-item__image\" data-thumbnail=\"http:\/\/transversales.teatrolineadesombra.com\/wp-content\/uploads\/2020\/09\/2002Trvs05-07.jpg\" data-width=\"1000\" data-height=\"667\" alt=\"\" ><\/div>\n\t\t\t\t\t\t\t\t\t\t<div class=\"elementor-gallery-item__overlay\"><\/div>\n\t\t\t\t\t\t\t\t\t\t\t\t\t\t<\/a>\n\t\t\t\t\t\t\t<a class=\"e-gallery-item elementor-gallery-item elementor-animated-content\" href=\"http:\/\/transversales.teatrolineadesombra.com\/wp-content\/uploads\/2020\/09\/2002Trvs05-06.jpg\" data-elementor-open-lightbox=\"yes\" data-elementor-lightbox-slideshow=\"all-c30c990\" data-elementor-lightbox-title=\"2002Trvs05 06\">\n\t\t\t\t\t<div class=\"e-gallery-image elementor-gallery-item__image\" data-thumbnail=\"http:\/\/transversales.teatrolineadesombra.com\/wp-content\/uploads\/2020\/09\/2002Trvs05-06.jpg\" data-width=\"667\" data-height=\"1000\" alt=\"\" ><\/div>\n\t\t\t\t\t\t\t\t\t\t<div class=\"elementor-gallery-item__overlay\"><\/div>\n\t\t\t\t\t\t\t\t\t\t\t\t\t\t<\/a>\n\t\t\t\t\t\t\t<a class=\"e-gallery-item elementor-gallery-item elementor-animated-content\" href=\"http:\/\/transversales.teatrolineadesombra.com\/wp-content\/uploads\/2020\/09\/2002Trvs05-05.jpg\" data-elementor-open-lightbox=\"yes\" data-elementor-lightbox-slideshow=\"all-c30c990\" data-elementor-lightbox-title=\"2002Trvs05 05\">\n\t\t\t\t\t<div class=\"e-gallery-image elementor-gallery-item__image\" data-thumbnail=\"http:\/\/transversales.teatrolineadesombra.com\/wp-content\/uploads\/2020\/09\/2002Trvs05-05.jpg\" data-width=\"1000\" data-height=\"667\" alt=\"\" ><\/div>\n\t\t\t\t\t\t\t\t\t\t<div class=\"elementor-gallery-item__overlay\"><\/div>\n\t\t\t\t\t\t\t\t\t\t\t\t\t\t<\/a>\n\t\t\t\t\t<\/div>\n\t\t\t<\/div>\n\t\t\t\t<\/div>\n\t\t\t\t\t\t<\/div>\n\t\t\t<\/div>\n\t\t<\/div>\n\t\t\t\t\t\t<\/div>\n\t\t\t<\/div>\n\t\t<\/section>\n\t\t\t\t\t\t<\/div>\n\t\t\t<\/div>\n\t\t<\/div>\n\t\t","protected":false},"excerpt":{"rendered":"<p>TransversalesV Encuentro Internacional de Teatro del Cuerpo Chile \/ Mexico \/\u00a0Quebec \/\u00a0Rusia \/\u00a0Francia Emisi\u00f3n V \u2013 2002Encuentro Internacional de Teatro del CuerpoEl Cuerpo Territorio de Creaci\u00f3n.Del 25 de agosto al 5 de septiembreSede: Quer\u00e9taro, M\u00e9xico Programaci\u00f3n:Chille, MexicoPerformance: El muchacho que se quer\u00eda casar, por Ignacio MirandaTaller: Introducci\u00f3n al trabajo de mascara por Ignacio Miranda Quebec: &#8230; <a title=\"Transversales #05 \/ Inicio\" class=\"read-more\" href=\"http:\/\/transversales.teatrolineadesombra.com\/?page_id=656\">Read more<\/a><\/p>\n","protected":false},"author":1,"featured_media":0,"parent":0,"menu_order":0,"comment_status":"closed","ping_status":"closed","template":"elementor_header_footer","meta":[],"_links":{"self":[{"href":"http:\/\/transversales.teatrolineadesombra.com\/index.php?rest_route=\/wp\/v2\/pages\/656"}],"collection":[{"href":"http:\/\/transversales.teatrolineadesombra.com\/index.php?rest_route=\/wp\/v2\/pages"}],"about":[{"href":"http:\/\/transversales.teatrolineadesombra.com\/index.php?rest_route=\/wp\/v2\/types\/page"}],"author":[{"embeddable":true,"href":"http:\/\/transversales.teatrolineadesombra.com\/index.php?rest_route=\/wp\/v2\/users\/1"}],"replies":[{"embeddable":true,"href":"http:\/\/transversales.teatrolineadesombra.com\/index.php?rest_route=%2Fwp%2Fv2%2Fcomments&post=656"}],"version-history":[{"count":7,"href":"http:\/\/transversales.teatrolineadesombra.com\/index.php?rest_route=\/wp\/v2\/pages\/656\/revisions"}],"predecessor-version":[{"id":829,"href":"http:\/\/transversales.teatrolineadesombra.com\/index.php?rest_route=\/wp\/v2\/pages\/656\/revisions\/829"}],"wp:attachment":[{"href":"http:\/\/transversales.teatrolineadesombra.com\/index.php?rest_route=%2Fwp%2Fv2%2Fmedia&parent=656"}],"curies":[{"name":"wp","href":"https:\/\/api.w.org\/{rel}","templated":true}]}}