{"id":640,"date":"2020-09-11T06:54:54","date_gmt":"2020-09-11T06:54:54","guid":{"rendered":"http:\/\/transversales.teatrolineadesombra.com\/?page_id=640"},"modified":"2020-09-14T21:46:34","modified_gmt":"2020-09-14T21:46:34","slug":"t03_inicio","status":"publish","type":"page","link":"http:\/\/transversales.teatrolineadesombra.com\/?page_id=640","title":{"rendered":"Transversales #03 \/ Inicio"},"content":{"rendered":"\t\t<div data-elementor-type=\"wp-page\" data-elementor-id=\"640\" class=\"elementor elementor-640\" data-elementor-settings=\"[]\">\n\t\t\t<div class=\"elementor-inner\">\n\t\t\t\t<div class=\"elementor-section-wrap\">\n\t\t\t\t\t\t\t<section class=\"elementor-element elementor-element-e4c5375 elementor-section-full_width elementor-section-height-default elementor-section-height-default elementor-section elementor-top-section\" data-id=\"e4c5375\" data-element_type=\"section\" data-settings=\"{&quot;background_background&quot;:&quot;classic&quot;}\">\n\t\t\t\t\t\t<div class=\"elementor-container elementor-column-gap-default\">\n\t\t\t\t<div class=\"elementor-row\">\n\t\t\t\t<div class=\"elementor-element elementor-element-87e3fcd elementor-column elementor-col-100 elementor-top-column\" data-id=\"87e3fcd\" data-element_type=\"column\">\n\t\t\t<div class=\"elementor-column-wrap  elementor-element-populated\">\n\t\t\t\t\t<div class=\"elementor-widget-wrap\">\n\t\t\t\t<div class=\"elementor-element elementor-element-d888b21 elementor-widget elementor-widget-text-editor\" data-id=\"d888b21\" data-element_type=\"widget\" data-widget_type=\"text-editor.default\">\n\t\t\t\t<div class=\"elementor-widget-container\">\n\t\t\t\t\t<div class=\"elementor-text-editor elementor-clearfix\"><p><span style=\"color: #ffffff;\"><a style=\"color: #ffffff;\" href=\"http:\/\/transversales.teatrolineadesombra.com\">Transversales<\/a><br \/>III<\/span><span>\u00a0<\/span><span style=\"color: #ffffff;\">Encuentro Internacional de Teatro del Cuerpo<\/span><\/p><\/div>\n\t\t\t\t<\/div>\n\t\t\t\t<\/div>\n\t\t\t\t<div class=\"elementor-element elementor-element-2cda59d elementor-widget elementor-widget-text-editor\" data-id=\"2cda59d\" data-element_type=\"widget\" data-widget_type=\"text-editor.default\">\n\t\t\t\t<div class=\"elementor-widget-container\">\n\t\t\t\t\t<div class=\"elementor-text-editor elementor-clearfix\"><p><span style=\"color: #ffffff;\">Rusia \/ Alemania \/ Suiza \/ Quebec \/ China<\/span><\/p><\/div>\n\t\t\t\t<\/div>\n\t\t\t\t<\/div>\n\t\t\t\t\t\t<\/div>\n\t\t\t<\/div>\n\t\t<\/div>\n\t\t\t\t\t\t<\/div>\n\t\t\t<\/div>\n\t\t<\/section>\n\t\t\t\t<section class=\"elementor-element elementor-element-5d57299 elementor-section-stretched elementor-section-full_width elementor-section-height-default elementor-section-height-default elementor-section elementor-top-section\" data-id=\"5d57299\" data-element_type=\"section\" data-settings=\"{&quot;stretch_section&quot;:&quot;section-stretched&quot;,&quot;background_background&quot;:&quot;classic&quot;}\">\n\t\t\t\t\t\t<div class=\"elementor-container elementor-column-gap-default\">\n\t\t\t\t<div class=\"elementor-row\">\n\t\t\t\t<div class=\"elementor-element elementor-element-ba57a9e elementor-column elementor-col-100 elementor-top-column\" data-id=\"ba57a9e\" data-element_type=\"column\">\n\t\t\t<div class=\"elementor-column-wrap  elementor-element-populated\">\n\t\t\t\t\t<div class=\"elementor-widget-wrap\">\n\t\t\t\t<div class=\"elementor-element elementor-element-8d6c01c elementor-widget elementor-widget-image\" data-id=\"8d6c01c\" data-element_type=\"widget\" data-widget_type=\"image.default\">\n\t\t\t\t<div class=\"elementor-widget-container\">\n\t\t\t\t\t<div class=\"elementor-image\">\n\t\t\t\t\t\t\t\t\t\t<img width=\"1000\" height=\"668\" src=\"http:\/\/transversales.teatrolineadesombra.com\/wp-content\/uploads\/2020\/09\/2000Trvs03-05.jpg\" class=\"attachment-full size-full\" alt=\"\" loading=\"lazy\" srcset=\"http:\/\/transversales.teatrolineadesombra.com\/wp-content\/uploads\/2020\/09\/2000Trvs03-05.jpg 1000w, http:\/\/transversales.teatrolineadesombra.com\/wp-content\/uploads\/2020\/09\/2000Trvs03-05-300x200.jpg 300w, http:\/\/transversales.teatrolineadesombra.com\/wp-content\/uploads\/2020\/09\/2000Trvs03-05-768x513.jpg 768w\" sizes=\"(max-width: 1000px) 100vw, 1000px\" \/>\t\t\t\t\t\t\t\t\t\t\t<\/div>\n\t\t\t\t<\/div>\n\t\t\t\t<\/div>\n\t\t\t\t\t\t<\/div>\n\t\t\t<\/div>\n\t\t<\/div>\n\t\t\t\t\t\t<\/div>\n\t\t\t<\/div>\n\t\t<\/section>\n\t\t\t\t<section class=\"elementor-element elementor-element-fdf40a0 elementor-section-boxed elementor-section-height-default elementor-section-height-default elementor-section elementor-top-section\" data-id=\"fdf40a0\" data-element_type=\"section\" data-settings=\"{&quot;background_background&quot;:&quot;classic&quot;}\">\n\t\t\t\t\t\t<div class=\"elementor-container elementor-column-gap-default\">\n\t\t\t\t<div class=\"elementor-row\">\n\t\t\t\t<div class=\"elementor-element elementor-element-1949a23 elementor-column elementor-col-100 elementor-top-column\" data-id=\"1949a23\" data-element_type=\"column\">\n\t\t\t<div class=\"elementor-column-wrap  elementor-element-populated\">\n\t\t\t\t\t<div class=\"elementor-widget-wrap\">\n\t\t\t\t<div class=\"elementor-element elementor-element-2411f21 elementor-widget elementor-widget-text-editor\" data-id=\"2411f21\" data-element_type=\"widget\" data-widget_type=\"text-editor.default\">\n\t\t\t\t<div class=\"elementor-widget-container\">\n\t\t\t\t\t<div class=\"elementor-text-editor elementor-clearfix\"><p><span style=\"color: #ffffff;\"><strong>Emisi\u00f3n III \u2013 2000\u2028<\/strong><\/span><br \/><span style=\"color: #ffffff;\">Juego y Tradici\u00f3n, Una Po\u00e9tica del Cuerpo<\/span><br \/><span style=\"color: #ffffff;\">Del 14 al 26 de Agosto <\/span><br \/><span style=\"color: #ffffff;\">Sede: Quer\u00e9taro, M\u00e9xico<\/span><\/p><p><span style=\"color: #ffffff;\"><strong>Programaci\u00f3n:<\/strong><\/span><br \/><span style=\"color: #ffffff;\"><strong>Rusia-Alemania<\/strong>, Derevo Lavoratorium<\/span><br \/><span style=\"color: #ffffff;\">Taller: La escuela sobre ruedas, <\/span><br \/><span style=\"color: #ffffff;\">Performance: Once Theatre Derevo<\/span><br \/><span style=\"color: #ffffff;\">Charla: Theatre Derevo y Proyecci\u00f3n del film S\u00fcd Grenze<\/span><\/p><p><span style=\"color: #ffffff;\"><strong>Suiza<\/strong>. Teatro Sunil, Daniel Finzi<\/span><br \/><span style=\"color: #ffffff;\">Taller: L\u00ednea de incoherencia<\/span><br \/><span style=\"color: #ffffff;\">Performance: Icaro<\/span><br \/><span style=\"color: #ffffff;\">Charla: Teatro Sunil. Daniel Finzi<\/span><\/p><p><span style=\"color: #ffffff;\"><strong>Quebec<\/strong>, Pierrette Venne, Ecole Nationale de Cirque\u00a0<\/span><br \/><span style=\"color: #ffffff;\">Taller, El juego del actor,la comedia dell \u00b4art <\/span><br \/><span style=\"color: #ffffff;\">Performance: Icaro <\/span><br \/><span style=\"color: #ffffff;\">Charla: La escuela de circo de Quebec<\/span><\/p><p><span style=\"color: #ffffff;\"><strong>China<\/strong>, Mukum Cao<\/span><br \/><span style=\"color: #ffffff;\">Taller: Tradici\u00f3n y virtuosismo. La \u00d3pera China\u00a0<\/span><br \/><span style=\"color: #ffffff;\">Performance: La Opera China<\/span><br \/><span style=\"color: #ffffff;\">Charla: La opera China<\/span><\/p><\/div>\n\t\t\t\t<\/div>\n\t\t\t\t<\/div>\n\t\t\t\t<div class=\"elementor-element elementor-element-c30c990 elementor-widget elementor-widget-gallery\" data-id=\"c30c990\" data-element_type=\"widget\" data-settings=\"{&quot;gallery_layout&quot;:&quot;justified&quot;,&quot;ideal_row_height&quot;:{&quot;unit&quot;:&quot;px&quot;,&quot;size&quot;:300,&quot;sizes&quot;:[]},&quot;lazyload&quot;:&quot;yes&quot;,&quot;ideal_row_height_tablet&quot;:{&quot;unit&quot;:&quot;px&quot;,&quot;size&quot;:150,&quot;sizes&quot;:[]},&quot;ideal_row_height_mobile&quot;:{&quot;unit&quot;:&quot;px&quot;,&quot;size&quot;:150,&quot;sizes&quot;:[]},&quot;gap&quot;:{&quot;unit&quot;:&quot;px&quot;,&quot;size&quot;:10,&quot;sizes&quot;:[]},&quot;gap_tablet&quot;:{&quot;unit&quot;:&quot;px&quot;,&quot;size&quot;:10,&quot;sizes&quot;:[]},&quot;gap_mobile&quot;:{&quot;unit&quot;:&quot;px&quot;,&quot;size&quot;:10,&quot;sizes&quot;:[]},&quot;link_to&quot;:&quot;file&quot;,&quot;overlay_background&quot;:&quot;yes&quot;,&quot;content_hover_animation&quot;:&quot;fade-in&quot;}\" data-widget_type=\"gallery.default\">\n\t\t\t\t<div class=\"elementor-widget-container\">\n\t\t\t\t\t<div class=\"elementor-gallery__container\">\n\t\t\t\t\t\t\t<a class=\"e-gallery-item elementor-gallery-item elementor-animated-content\" href=\"http:\/\/transversales.teatrolineadesombra.com\/wp-content\/uploads\/2020\/09\/2000Trvs03-01.jpg\" data-elementor-open-lightbox=\"yes\" data-elementor-lightbox-slideshow=\"all-c30c990\" data-elementor-lightbox-title=\"2000Trvs03 01\">\n\t\t\t\t\t<div class=\"e-gallery-image elementor-gallery-item__image\" data-thumbnail=\"http:\/\/transversales.teatrolineadesombra.com\/wp-content\/uploads\/2020\/09\/2000Trvs03-01.jpg\" data-width=\"1000\" data-height=\"1007\" alt=\"\" ><\/div>\n\t\t\t\t\t\t\t\t\t\t<div class=\"elementor-gallery-item__overlay\"><\/div>\n\t\t\t\t\t\t\t\t\t\t\t\t\t\t<\/a>\n\t\t\t\t\t\t\t<a class=\"e-gallery-item elementor-gallery-item elementor-animated-content\" href=\"http:\/\/transversales.teatrolineadesombra.com\/wp-content\/uploads\/2020\/09\/2000Trvs03-02.jpg\" data-elementor-open-lightbox=\"yes\" data-elementor-lightbox-slideshow=\"all-c30c990\" data-elementor-lightbox-title=\"2000Trvs03 02\">\n\t\t\t\t\t<div class=\"e-gallery-image elementor-gallery-item__image\" data-thumbnail=\"http:\/\/transversales.teatrolineadesombra.com\/wp-content\/uploads\/2020\/09\/2000Trvs03-02.jpg\" data-width=\"689\" data-height=\"1000\" alt=\"\" ><\/div>\n\t\t\t\t\t\t\t\t\t\t<div class=\"elementor-gallery-item__overlay\"><\/div>\n\t\t\t\t\t\t\t\t\t\t\t\t\t\t<\/a>\n\t\t\t\t\t\t\t<a class=\"e-gallery-item elementor-gallery-item elementor-animated-content\" href=\"http:\/\/transversales.teatrolineadesombra.com\/wp-content\/uploads\/2020\/09\/2000Trvs03-03.jpg\" data-elementor-open-lightbox=\"yes\" data-elementor-lightbox-slideshow=\"all-c30c990\" data-elementor-lightbox-title=\"2000Trvs03 03\">\n\t\t\t\t\t<div class=\"e-gallery-image elementor-gallery-item__image\" data-thumbnail=\"http:\/\/transversales.teatrolineadesombra.com\/wp-content\/uploads\/2020\/09\/2000Trvs03-03.jpg\" data-width=\"1000\" data-height=\"491\" alt=\"\" ><\/div>\n\t\t\t\t\t\t\t\t\t\t<div class=\"elementor-gallery-item__overlay\"><\/div>\n\t\t\t\t\t\t\t\t\t\t\t\t\t\t<\/a>\n\t\t\t\t\t\t\t<a class=\"e-gallery-item elementor-gallery-item elementor-animated-content\" href=\"http:\/\/transversales.teatrolineadesombra.com\/wp-content\/uploads\/2020\/09\/2000Trvs03-05.jpg\" data-elementor-open-lightbox=\"yes\" data-elementor-lightbox-slideshow=\"all-c30c990\" data-elementor-lightbox-title=\"2000Trvs03 05\">\n\t\t\t\t\t<div class=\"e-gallery-image elementor-gallery-item__image\" data-thumbnail=\"http:\/\/transversales.teatrolineadesombra.com\/wp-content\/uploads\/2020\/09\/2000Trvs03-05.jpg\" data-width=\"1000\" data-height=\"668\" alt=\"\" ><\/div>\n\t\t\t\t\t\t\t\t\t\t<div class=\"elementor-gallery-item__overlay\"><\/div>\n\t\t\t\t\t\t\t\t\t\t\t\t\t\t<\/a>\n\t\t\t\t\t\t\t<a class=\"e-gallery-item elementor-gallery-item elementor-animated-content\" href=\"http:\/\/transversales.teatrolineadesombra.com\/wp-content\/uploads\/2020\/09\/2000Trvs03-07.jpg\" data-elementor-open-lightbox=\"yes\" data-elementor-lightbox-slideshow=\"all-c30c990\" data-elementor-lightbox-title=\"2000Trvs03 07\">\n\t\t\t\t\t<div class=\"e-gallery-image elementor-gallery-item__image\" data-thumbnail=\"http:\/\/transversales.teatrolineadesombra.com\/wp-content\/uploads\/2020\/09\/2000Trvs03-07.jpg\" data-width=\"657\" data-height=\"1000\" alt=\"\" ><\/div>\n\t\t\t\t\t\t\t\t\t\t<div class=\"elementor-gallery-item__overlay\"><\/div>\n\t\t\t\t\t\t\t\t\t\t\t\t\t\t<\/a>\n\t\t\t\t\t\t\t<a class=\"e-gallery-item elementor-gallery-item elementor-animated-content\" href=\"http:\/\/transversales.teatrolineadesombra.com\/wp-content\/uploads\/2020\/09\/2000Trvs03-10.jpg\" data-elementor-open-lightbox=\"yes\" data-elementor-lightbox-slideshow=\"all-c30c990\" data-elementor-lightbox-title=\"2000Trvs03 10\">\n\t\t\t\t\t<div class=\"e-gallery-image elementor-gallery-item__image\" data-thumbnail=\"http:\/\/transversales.teatrolineadesombra.com\/wp-content\/uploads\/2020\/09\/2000Trvs03-10.jpg\" data-width=\"1000\" data-height=\"715\" alt=\"\" ><\/div>\n\t\t\t\t\t\t\t\t\t\t<div class=\"elementor-gallery-item__overlay\"><\/div>\n\t\t\t\t\t\t\t\t\t\t\t\t\t\t<\/a>\n\t\t\t\t\t\t\t<a class=\"e-gallery-item elementor-gallery-item elementor-animated-content\" href=\"http:\/\/transversales.teatrolineadesombra.com\/wp-content\/uploads\/2020\/09\/2000Trvs03-06.jpg\" data-elementor-open-lightbox=\"yes\" data-elementor-lightbox-slideshow=\"all-c30c990\" data-elementor-lightbox-title=\"2000Trvs03 06\">\n\t\t\t\t\t<div class=\"e-gallery-image elementor-gallery-item__image\" data-thumbnail=\"http:\/\/transversales.teatrolineadesombra.com\/wp-content\/uploads\/2020\/09\/2000Trvs03-06.jpg\" data-width=\"684\" data-height=\"1000\" alt=\"\" ><\/div>\n\t\t\t\t\t\t\t\t\t\t<div class=\"elementor-gallery-item__overlay\"><\/div>\n\t\t\t\t\t\t\t\t\t\t\t\t\t\t<\/a>\n\t\t\t\t\t\t\t<a class=\"e-gallery-item elementor-gallery-item elementor-animated-content\" href=\"http:\/\/transversales.teatrolineadesombra.com\/wp-content\/uploads\/2020\/09\/2000Trvs03-08.jpg\" data-elementor-open-lightbox=\"yes\" data-elementor-lightbox-slideshow=\"all-c30c990\" data-elementor-lightbox-title=\"2000Trvs03 08\">\n\t\t\t\t\t<div class=\"e-gallery-image elementor-gallery-item__image\" data-thumbnail=\"http:\/\/transversales.teatrolineadesombra.com\/wp-content\/uploads\/2020\/09\/2000Trvs03-08.jpg\" data-width=\"1000\" data-height=\"654\" alt=\"\" ><\/div>\n\t\t\t\t\t\t\t\t\t\t<div class=\"elementor-gallery-item__overlay\"><\/div>\n\t\t\t\t\t\t\t\t\t\t\t\t\t\t<\/a>\n\t\t\t\t\t\t\t<a class=\"e-gallery-item elementor-gallery-item elementor-animated-content\" href=\"http:\/\/transversales.teatrolineadesombra.com\/wp-content\/uploads\/2020\/09\/2000Trvs03-09.jpg\" data-elementor-open-lightbox=\"yes\" data-elementor-lightbox-slideshow=\"all-c30c990\" data-elementor-lightbox-title=\"2000Trvs03 09\">\n\t\t\t\t\t<div class=\"e-gallery-image elementor-gallery-item__image\" data-thumbnail=\"http:\/\/transversales.teatrolineadesombra.com\/wp-content\/uploads\/2020\/09\/2000Trvs03-09.jpg\" data-width=\"457\" data-height=\"1000\" alt=\"\" ><\/div>\n\t\t\t\t\t\t\t\t\t\t<div class=\"elementor-gallery-item__overlay\"><\/div>\n\t\t\t\t\t\t\t\t\t\t\t\t\t\t<\/a>\n\t\t\t\t\t<\/div>\n\t\t\t<\/div>\n\t\t\t\t<\/div>\n\t\t\t\t\t\t<\/div>\n\t\t\t<\/div>\n\t\t<\/div>\n\t\t\t\t\t\t<\/div>\n\t\t\t<\/div>\n\t\t<\/section>\n\t\t\t\t\t\t<\/div>\n\t\t\t<\/div>\n\t\t<\/div>\n\t\t","protected":false},"excerpt":{"rendered":"<p>TransversalesIII\u00a0Encuentro Internacional de Teatro del Cuerpo Rusia \/ Alemania \/ Suiza \/ Quebec \/ China Emisi\u00f3n III \u2013 2000\u2028Juego y Tradici\u00f3n, Una Po\u00e9tica del CuerpoDel 14 al 26 de Agosto Sede: Quer\u00e9taro, M\u00e9xico Programaci\u00f3n:Rusia-Alemania, Derevo LavoratoriumTaller: La escuela sobre ruedas, Performance: Once Theatre DerevoCharla: Theatre Derevo y Proyecci\u00f3n del film S\u00fcd Grenze Suiza. Teatro Sunil, &#8230; <a title=\"Transversales #03 \/ Inicio\" class=\"read-more\" href=\"http:\/\/transversales.teatrolineadesombra.com\/?page_id=640\">Read more<\/a><\/p>\n","protected":false},"author":1,"featured_media":0,"parent":0,"menu_order":0,"comment_status":"closed","ping_status":"closed","template":"elementor_header_footer","meta":[],"_links":{"self":[{"href":"http:\/\/transversales.teatrolineadesombra.com\/index.php?rest_route=\/wp\/v2\/pages\/640"}],"collection":[{"href":"http:\/\/transversales.teatrolineadesombra.com\/index.php?rest_route=\/wp\/v2\/pages"}],"about":[{"href":"http:\/\/transversales.teatrolineadesombra.com\/index.php?rest_route=\/wp\/v2\/types\/page"}],"author":[{"embeddable":true,"href":"http:\/\/transversales.teatrolineadesombra.com\/index.php?rest_route=\/wp\/v2\/users\/1"}],"replies":[{"embeddable":true,"href":"http:\/\/transversales.teatrolineadesombra.com\/index.php?rest_route=%2Fwp%2Fv2%2Fcomments&post=640"}],"version-history":[{"count":7,"href":"http:\/\/transversales.teatrolineadesombra.com\/index.php?rest_route=\/wp\/v2\/pages\/640\/revisions"}],"predecessor-version":[{"id":826,"href":"http:\/\/transversales.teatrolineadesombra.com\/index.php?rest_route=\/wp\/v2\/pages\/640\/revisions\/826"}],"wp:attachment":[{"href":"http:\/\/transversales.teatrolineadesombra.com\/index.php?rest_route=%2Fwp%2Fv2%2Fmedia&parent=640"}],"curies":[{"name":"wp","href":"https:\/\/api.w.org\/{rel}","templated":true}]}}