{"id":597,"date":"2020-09-11T01:23:37","date_gmt":"2020-09-11T01:23:37","guid":{"rendered":"http:\/\/transversales.teatrolineadesombra.com\/?page_id=597"},"modified":"2020-09-14T21:39:45","modified_gmt":"2020-09-14T21:39:45","slug":"t01_inicio","status":"publish","type":"page","link":"http:\/\/transversales.teatrolineadesombra.com\/?page_id=597","title":{"rendered":"Transversales #01 \/ Inicio"},"content":{"rendered":"\t\t<div data-elementor-type=\"wp-page\" data-elementor-id=\"597\" class=\"elementor elementor-597\" data-elementor-settings=\"[]\">\n\t\t\t<div class=\"elementor-inner\">\n\t\t\t\t<div class=\"elementor-section-wrap\">\n\t\t\t\t\t\t\t<section class=\"elementor-element elementor-element-e4c5375 elementor-section-full_width elementor-section-height-default elementor-section-height-default elementor-section elementor-top-section\" data-id=\"e4c5375\" data-element_type=\"section\" data-settings=\"{&quot;background_background&quot;:&quot;classic&quot;}\">\n\t\t\t\t\t\t<div class=\"elementor-container elementor-column-gap-default\">\n\t\t\t\t<div class=\"elementor-row\">\n\t\t\t\t<div class=\"elementor-element elementor-element-87e3fcd elementor-column elementor-col-100 elementor-top-column\" data-id=\"87e3fcd\" data-element_type=\"column\">\n\t\t\t<div class=\"elementor-column-wrap  elementor-element-populated\">\n\t\t\t\t\t<div class=\"elementor-widget-wrap\">\n\t\t\t\t<div class=\"elementor-element elementor-element-d888b21 elementor-widget elementor-widget-text-editor\" data-id=\"d888b21\" data-element_type=\"widget\" data-widget_type=\"text-editor.default\">\n\t\t\t\t<div class=\"elementor-widget-container\">\n\t\t\t\t\t<div class=\"elementor-text-editor elementor-clearfix\"><p><span style=\"color: #000000;\"><a style=\"color: #000000;\" href=\"http:\/\/transversales.teatrolineadesombra.com\">Transversales<\/a><\/span><br \/><span style=\"color: #000000;\">I Encuentro Internacional de Teatro del Cuerpo<\/span><\/p><\/div>\n\t\t\t\t<\/div>\n\t\t\t\t<\/div>\n\t\t\t\t<div class=\"elementor-element elementor-element-2cda59d elementor-widget elementor-widget-text-editor\" data-id=\"2cda59d\" data-element_type=\"widget\" data-widget_type=\"text-editor.default\">\n\t\t\t\t<div class=\"elementor-widget-container\">\n\t\t\t\t\t<div class=\"elementor-text-editor elementor-clearfix\"><p><span style=\"color: #000000;\">Inglaterra \/\u00a0Canada \/\u00a0EUA<\/span><\/p><\/div>\n\t\t\t\t<\/div>\n\t\t\t\t<\/div>\n\t\t\t\t\t\t<\/div>\n\t\t\t<\/div>\n\t\t<\/div>\n\t\t\t\t\t\t<\/div>\n\t\t\t<\/div>\n\t\t<\/section>\n\t\t\t\t<section class=\"elementor-element elementor-element-5d57299 elementor-section-stretched elementor-section-full_width elementor-section-height-default elementor-section-height-default elementor-section elementor-top-section\" data-id=\"5d57299\" data-element_type=\"section\" data-settings=\"{&quot;stretch_section&quot;:&quot;section-stretched&quot;,&quot;background_background&quot;:&quot;classic&quot;}\">\n\t\t\t\t\t\t<div class=\"elementor-container elementor-column-gap-default\">\n\t\t\t\t<div class=\"elementor-row\">\n\t\t\t\t<div class=\"elementor-element elementor-element-ba57a9e elementor-column elementor-col-100 elementor-top-column\" data-id=\"ba57a9e\" data-element_type=\"column\">\n\t\t\t<div class=\"elementor-column-wrap  elementor-element-populated\">\n\t\t\t\t\t<div class=\"elementor-widget-wrap\">\n\t\t\t\t<div class=\"elementor-element elementor-element-8d6c01c elementor-widget elementor-widget-image\" data-id=\"8d6c01c\" data-element_type=\"widget\" data-widget_type=\"image.default\">\n\t\t\t\t<div class=\"elementor-widget-container\">\n\t\t\t\t\t<div class=\"elementor-image\">\n\t\t\t\t\t\t\t\t\t\t<img width=\"1000\" height=\"661\" src=\"http:\/\/transversales.teatrolineadesombra.com\/wp-content\/uploads\/2020\/09\/1998Trvs01-02.jpg\" class=\"attachment-full size-full\" alt=\"\" loading=\"lazy\" srcset=\"http:\/\/transversales.teatrolineadesombra.com\/wp-content\/uploads\/2020\/09\/1998Trvs01-02.jpg 1000w, http:\/\/transversales.teatrolineadesombra.com\/wp-content\/uploads\/2020\/09\/1998Trvs01-02-300x198.jpg 300w, http:\/\/transversales.teatrolineadesombra.com\/wp-content\/uploads\/2020\/09\/1998Trvs01-02-768x508.jpg 768w\" sizes=\"(max-width: 1000px) 100vw, 1000px\" \/>\t\t\t\t\t\t\t\t\t\t\t<\/div>\n\t\t\t\t<\/div>\n\t\t\t\t<\/div>\n\t\t\t\t\t\t<\/div>\n\t\t\t<\/div>\n\t\t<\/div>\n\t\t\t\t\t\t<\/div>\n\t\t\t<\/div>\n\t\t<\/section>\n\t\t\t\t<section class=\"elementor-element elementor-element-fdf40a0 elementor-section-boxed elementor-section-height-default elementor-section-height-default elementor-section elementor-top-section\" data-id=\"fdf40a0\" data-element_type=\"section\" data-settings=\"{&quot;background_background&quot;:&quot;classic&quot;}\">\n\t\t\t\t\t\t<div class=\"elementor-container elementor-column-gap-default\">\n\t\t\t\t<div class=\"elementor-row\">\n\t\t\t\t<div class=\"elementor-element elementor-element-1949a23 elementor-column elementor-col-100 elementor-top-column\" data-id=\"1949a23\" data-element_type=\"column\">\n\t\t\t<div class=\"elementor-column-wrap  elementor-element-populated\">\n\t\t\t\t\t<div class=\"elementor-widget-wrap\">\n\t\t\t\t<div class=\"elementor-element elementor-element-2411f21 elementor-widget elementor-widget-text-editor\" data-id=\"2411f21\" data-element_type=\"widget\" data-widget_type=\"text-editor.default\">\n\t\t\t\t<div class=\"elementor-widget-container\">\n\t\t\t\t\t<div class=\"elementor-text-editor elementor-clearfix\"><p><strong>Emisi\u00f3n I &#8211; 1998<br \/><\/strong>Etienne Decroux y la Estatua M\u00f3vil<br \/>Del 24 de agosto al 12 de septiembre<br \/>Sedes: Quer\u00e9taro y CDMX, M\u00e9xico<\/p><p><strong>Programaci\u00f3n<\/strong><br \/><strong>Inglaterra,<\/strong> Theatre de l`Ange Fou<br \/>Taller\u00a0: Resonance<br \/>Performance\u00a0: Resonance<\/p><p><strong>Canada<\/strong>, Mime Omnibus<br \/>Taller\u00a0: T\u00e9cnica de la mima<br \/>Performance : La Fl\u00e8che et le Cour<\/p><p><strong>EUA<\/strong>, Daniel Stein<br \/>Taller\u00a0: Movimiento para actore<br \/>Performance: Timepiece<\/p><\/div>\n\t\t\t\t<\/div>\n\t\t\t\t<\/div>\n\t\t\t\t<div class=\"elementor-element elementor-element-c30c990 elementor-widget elementor-widget-gallery\" data-id=\"c30c990\" data-element_type=\"widget\" data-settings=\"{&quot;gallery_layout&quot;:&quot;justified&quot;,&quot;ideal_row_height&quot;:{&quot;unit&quot;:&quot;px&quot;,&quot;size&quot;:300,&quot;sizes&quot;:[]},&quot;lazyload&quot;:&quot;yes&quot;,&quot;ideal_row_height_tablet&quot;:{&quot;unit&quot;:&quot;px&quot;,&quot;size&quot;:150,&quot;sizes&quot;:[]},&quot;ideal_row_height_mobile&quot;:{&quot;unit&quot;:&quot;px&quot;,&quot;size&quot;:150,&quot;sizes&quot;:[]},&quot;gap&quot;:{&quot;unit&quot;:&quot;px&quot;,&quot;size&quot;:10,&quot;sizes&quot;:[]},&quot;gap_tablet&quot;:{&quot;unit&quot;:&quot;px&quot;,&quot;size&quot;:10,&quot;sizes&quot;:[]},&quot;gap_mobile&quot;:{&quot;unit&quot;:&quot;px&quot;,&quot;size&quot;:10,&quot;sizes&quot;:[]},&quot;link_to&quot;:&quot;file&quot;,&quot;overlay_background&quot;:&quot;yes&quot;,&quot;content_hover_animation&quot;:&quot;fade-in&quot;}\" data-widget_type=\"gallery.default\">\n\t\t\t\t<div class=\"elementor-widget-container\">\n\t\t\t\t\t<div class=\"elementor-gallery__container\">\n\t\t\t\t\t\t\t<a class=\"e-gallery-item elementor-gallery-item elementor-animated-content\" href=\"http:\/\/transversales.teatrolineadesombra.com\/wp-content\/uploads\/2020\/09\/1998Trvs01-01.jpg\" data-elementor-open-lightbox=\"yes\" data-elementor-lightbox-slideshow=\"all-c30c990\" data-elementor-lightbox-title=\"1998Trvs01 01\">\n\t\t\t\t\t<div class=\"e-gallery-image elementor-gallery-item__image\" data-thumbnail=\"http:\/\/transversales.teatrolineadesombra.com\/wp-content\/uploads\/2020\/09\/1998Trvs01-01.jpg\" data-width=\"666\" data-height=\"1000\" alt=\"\" ><\/div>\n\t\t\t\t\t\t\t\t\t\t<div class=\"elementor-gallery-item__overlay\"><\/div>\n\t\t\t\t\t\t\t\t\t\t\t\t\t\t<\/a>\n\t\t\t\t\t\t\t<a class=\"e-gallery-item elementor-gallery-item elementor-animated-content\" href=\"http:\/\/transversales.teatrolineadesombra.com\/wp-content\/uploads\/2020\/09\/1998Trvs01-02.jpg\" data-elementor-open-lightbox=\"yes\" data-elementor-lightbox-slideshow=\"all-c30c990\" data-elementor-lightbox-title=\"1998Trvs01 02\">\n\t\t\t\t\t<div class=\"e-gallery-image elementor-gallery-item__image\" data-thumbnail=\"http:\/\/transversales.teatrolineadesombra.com\/wp-content\/uploads\/2020\/09\/1998Trvs01-02.jpg\" data-width=\"1000\" data-height=\"661\" alt=\"\" ><\/div>\n\t\t\t\t\t\t\t\t\t\t<div class=\"elementor-gallery-item__overlay\"><\/div>\n\t\t\t\t\t\t\t\t\t\t\t\t\t\t<\/a>\n\t\t\t\t\t\t\t<a class=\"e-gallery-item elementor-gallery-item elementor-animated-content\" href=\"http:\/\/transversales.teatrolineadesombra.com\/wp-content\/uploads\/2020\/09\/1998Trvs01-04.jpg\" data-elementor-open-lightbox=\"yes\" data-elementor-lightbox-slideshow=\"all-c30c990\" data-elementor-lightbox-title=\"1998Trvs01 04\">\n\t\t\t\t\t<div class=\"e-gallery-image elementor-gallery-item__image\" data-thumbnail=\"http:\/\/transversales.teatrolineadesombra.com\/wp-content\/uploads\/2020\/09\/1998Trvs01-04.jpg\" data-width=\"696\" data-height=\"1000\" alt=\"\" ><\/div>\n\t\t\t\t\t\t\t\t\t\t<div class=\"elementor-gallery-item__overlay\"><\/div>\n\t\t\t\t\t\t\t\t\t\t\t\t\t\t<\/a>\n\t\t\t\t\t\t\t<a class=\"e-gallery-item elementor-gallery-item elementor-animated-content\" href=\"http:\/\/transversales.teatrolineadesombra.com\/wp-content\/uploads\/2020\/09\/1998Trvs01-03.jpg\" data-elementor-open-lightbox=\"yes\" data-elementor-lightbox-slideshow=\"all-c30c990\" data-elementor-lightbox-title=\"1998Trvs01 03\">\n\t\t\t\t\t<div class=\"e-gallery-image elementor-gallery-item__image\" data-thumbnail=\"http:\/\/transversales.teatrolineadesombra.com\/wp-content\/uploads\/2020\/09\/1998Trvs01-03.jpg\" data-width=\"669\" data-height=\"1000\" alt=\"\" ><\/div>\n\t\t\t\t\t\t\t\t\t\t<div class=\"elementor-gallery-item__overlay\"><\/div>\n\t\t\t\t\t\t\t\t\t\t\t\t\t\t<\/a>\n\t\t\t\t\t\t\t<a class=\"e-gallery-item elementor-gallery-item elementor-animated-content\" href=\"http:\/\/transversales.teatrolineadesombra.com\/wp-content\/uploads\/2020\/09\/1998Trvs01-07.jpg\" data-elementor-open-lightbox=\"yes\" data-elementor-lightbox-slideshow=\"all-c30c990\" data-elementor-lightbox-title=\"1998Trvs01 07\">\n\t\t\t\t\t<div class=\"e-gallery-image elementor-gallery-item__image\" data-thumbnail=\"http:\/\/transversales.teatrolineadesombra.com\/wp-content\/uploads\/2020\/09\/1998Trvs01-07.jpg\" data-width=\"680\" data-height=\"1000\" alt=\"\" ><\/div>\n\t\t\t\t\t\t\t\t\t\t<div class=\"elementor-gallery-item__overlay\"><\/div>\n\t\t\t\t\t\t\t\t\t\t\t\t\t\t<\/a>\n\t\t\t\t\t\t\t<a class=\"e-gallery-item elementor-gallery-item elementor-animated-content\" href=\"http:\/\/transversales.teatrolineadesombra.com\/wp-content\/uploads\/2020\/09\/1998Trvs01-06.jpg\" data-elementor-open-lightbox=\"yes\" data-elementor-lightbox-slideshow=\"all-c30c990\" data-elementor-lightbox-title=\"1998Trvs01 06\">\n\t\t\t\t\t<div class=\"e-gallery-image elementor-gallery-item__image\" data-thumbnail=\"http:\/\/transversales.teatrolineadesombra.com\/wp-content\/uploads\/2020\/09\/1998Trvs01-06.jpg\" data-width=\"661\" data-height=\"1000\" alt=\"\" ><\/div>\n\t\t\t\t\t\t\t\t\t\t<div class=\"elementor-gallery-item__overlay\"><\/div>\n\t\t\t\t\t\t\t\t\t\t\t\t\t\t<\/a>\n\t\t\t\t\t\t\t<a class=\"e-gallery-item elementor-gallery-item elementor-animated-content\" href=\"http:\/\/transversales.teatrolineadesombra.com\/wp-content\/uploads\/2020\/09\/1998Trvs01-05.jpg\" data-elementor-open-lightbox=\"yes\" data-elementor-lightbox-slideshow=\"all-c30c990\" data-elementor-lightbox-title=\"1998Trvs01 05\">\n\t\t\t\t\t<div class=\"e-gallery-image elementor-gallery-item__image\" data-thumbnail=\"http:\/\/transversales.teatrolineadesombra.com\/wp-content\/uploads\/2020\/09\/1998Trvs01-05.jpg\" data-width=\"653\" data-height=\"1000\" alt=\"\" ><\/div>\n\t\t\t\t\t\t\t\t\t\t<div class=\"elementor-gallery-item__overlay\"><\/div>\n\t\t\t\t\t\t\t\t\t\t\t\t\t\t<\/a>\n\t\t\t\t\t\t\t<a class=\"e-gallery-item elementor-gallery-item elementor-animated-content\" href=\"http:\/\/transversales.teatrolineadesombra.com\/wp-content\/uploads\/2020\/09\/1998Trvs01-11.jpg\" data-elementor-open-lightbox=\"yes\" data-elementor-lightbox-slideshow=\"all-c30c990\" data-elementor-lightbox-title=\"1998Trvs01 11\">\n\t\t\t\t\t<div class=\"e-gallery-image elementor-gallery-item__image\" data-thumbnail=\"http:\/\/transversales.teatrolineadesombra.com\/wp-content\/uploads\/2020\/09\/1998Trvs01-11.jpg\" data-width=\"1000\" data-height=\"589\" alt=\"\" ><\/div>\n\t\t\t\t\t\t\t\t\t\t<div class=\"elementor-gallery-item__overlay\"><\/div>\n\t\t\t\t\t\t\t\t\t\t\t\t\t\t<\/a>\n\t\t\t\t\t\t\t<a class=\"e-gallery-item elementor-gallery-item elementor-animated-content\" href=\"http:\/\/transversales.teatrolineadesombra.com\/wp-content\/uploads\/2020\/09\/1998Trvs01-12.jpg\" data-elementor-open-lightbox=\"yes\" data-elementor-lightbox-slideshow=\"all-c30c990\" data-elementor-lightbox-title=\"1998Trvs01 12\">\n\t\t\t\t\t<div class=\"e-gallery-image elementor-gallery-item__image\" data-thumbnail=\"http:\/\/transversales.teatrolineadesombra.com\/wp-content\/uploads\/2020\/09\/1998Trvs01-12.jpg\" data-width=\"1000\" data-height=\"651\" alt=\"\" ><\/div>\n\t\t\t\t\t\t\t\t\t\t<div class=\"elementor-gallery-item__overlay\"><\/div>\n\t\t\t\t\t\t\t\t\t\t\t\t\t\t<\/a>\n\t\t\t\t\t\t\t<a class=\"e-gallery-item elementor-gallery-item elementor-animated-content\" href=\"http:\/\/transversales.teatrolineadesombra.com\/wp-content\/uploads\/2020\/09\/1998Trvs01-10.jpg\" data-elementor-open-lightbox=\"yes\" data-elementor-lightbox-slideshow=\"all-c30c990\" data-elementor-lightbox-title=\"1998Trvs01 10\">\n\t\t\t\t\t<div class=\"e-gallery-image elementor-gallery-item__image\" data-thumbnail=\"http:\/\/transversales.teatrolineadesombra.com\/wp-content\/uploads\/2020\/09\/1998Trvs01-10.jpg\" data-width=\"1000\" data-height=\"671\" alt=\"\" ><\/div>\n\t\t\t\t\t\t\t\t\t\t<div class=\"elementor-gallery-item__overlay\"><\/div>\n\t\t\t\t\t\t\t\t\t\t\t\t\t\t<\/a>\n\t\t\t\t\t\t\t<a class=\"e-gallery-item elementor-gallery-item elementor-animated-content\" href=\"http:\/\/transversales.teatrolineadesombra.com\/wp-content\/uploads\/2020\/09\/1998Trvs01-09.jpg\" data-elementor-open-lightbox=\"yes\" data-elementor-lightbox-slideshow=\"all-c30c990\" data-elementor-lightbox-title=\"1998Trvs01 09\">\n\t\t\t\t\t<div class=\"e-gallery-image elementor-gallery-item__image\" data-thumbnail=\"http:\/\/transversales.teatrolineadesombra.com\/wp-content\/uploads\/2020\/09\/1998Trvs01-09.jpg\" data-width=\"1000\" data-height=\"544\" alt=\"\" ><\/div>\n\t\t\t\t\t\t\t\t\t\t<div class=\"elementor-gallery-item__overlay\"><\/div>\n\t\t\t\t\t\t\t\t\t\t\t\t\t\t<\/a>\n\t\t\t\t\t\t\t<a class=\"e-gallery-item elementor-gallery-item elementor-animated-content\" href=\"http:\/\/transversales.teatrolineadesombra.com\/wp-content\/uploads\/2020\/09\/1998Trvs01-08.jpg\" data-elementor-open-lightbox=\"yes\" data-elementor-lightbox-slideshow=\"all-c30c990\" data-elementor-lightbox-title=\"1998Trvs01 08\">\n\t\t\t\t\t<div class=\"e-gallery-image elementor-gallery-item__image\" data-thumbnail=\"http:\/\/transversales.teatrolineadesombra.com\/wp-content\/uploads\/2020\/09\/1998Trvs01-08.jpg\" data-width=\"1000\" data-height=\"684\" alt=\"\" ><\/div>\n\t\t\t\t\t\t\t\t\t\t<div class=\"elementor-gallery-item__overlay\"><\/div>\n\t\t\t\t\t\t\t\t\t\t\t\t\t\t<\/a>\n\t\t\t\t\t\t\t<a class=\"e-gallery-item elementor-gallery-item elementor-animated-content\" href=\"http:\/\/transversales.teatrolineadesombra.com\/wp-content\/uploads\/2020\/09\/1998Trvs01-13.jpg\" data-elementor-open-lightbox=\"yes\" data-elementor-lightbox-slideshow=\"all-c30c990\" data-elementor-lightbox-title=\"1998Trvs01 13\">\n\t\t\t\t\t<div class=\"e-gallery-image elementor-gallery-item__image\" data-thumbnail=\"http:\/\/transversales.teatrolineadesombra.com\/wp-content\/uploads\/2020\/09\/1998Trvs01-13.jpg\" data-width=\"1000\" data-height=\"561\" alt=\"\" ><\/div>\n\t\t\t\t\t\t\t\t\t\t<div class=\"elementor-gallery-item__overlay\"><\/div>\n\t\t\t\t\t\t\t\t\t\t\t\t\t\t<\/a>\n\t\t\t\t\t<\/div>\n\t\t\t<\/div>\n\t\t\t\t<\/div>\n\t\t\t\t\t\t<\/div>\n\t\t\t<\/div>\n\t\t<\/div>\n\t\t\t\t\t\t<\/div>\n\t\t\t<\/div>\n\t\t<\/section>\n\t\t\t\t\t\t<\/div>\n\t\t\t<\/div>\n\t\t<\/div>\n\t\t","protected":false},"excerpt":{"rendered":"<p>TransversalesI Encuentro Internacional de Teatro del Cuerpo Inglaterra \/\u00a0Canada \/\u00a0EUA Emisi\u00f3n I &#8211; 1998Etienne Decroux y la Estatua M\u00f3vilDel 24 de agosto al 12 de septiembreSedes: Quer\u00e9taro y CDMX, M\u00e9xico Programaci\u00f3nInglaterra, Theatre de l`Ange FouTaller\u00a0: ResonancePerformance\u00a0: Resonance Canada, Mime OmnibusTaller\u00a0: T\u00e9cnica de la mimaPerformance : La Fl\u00e8che et le Cour EUA, Daniel SteinTaller\u00a0: Movimiento para &#8230; <a title=\"Transversales #01 \/ Inicio\" class=\"read-more\" href=\"http:\/\/transversales.teatrolineadesombra.com\/?page_id=597\">Read more<\/a><\/p>\n","protected":false},"author":1,"featured_media":0,"parent":0,"menu_order":0,"comment_status":"closed","ping_status":"closed","template":"elementor_header_footer","meta":[],"_links":{"self":[{"href":"http:\/\/transversales.teatrolineadesombra.com\/index.php?rest_route=\/wp\/v2\/pages\/597"}],"collection":[{"href":"http:\/\/transversales.teatrolineadesombra.com\/index.php?rest_route=\/wp\/v2\/pages"}],"about":[{"href":"http:\/\/transversales.teatrolineadesombra.com\/index.php?rest_route=\/wp\/v2\/types\/page"}],"author":[{"embeddable":true,"href":"http:\/\/transversales.teatrolineadesombra.com\/index.php?rest_route=\/wp\/v2\/users\/1"}],"replies":[{"embeddable":true,"href":"http:\/\/transversales.teatrolineadesombra.com\/index.php?rest_route=%2Fwp%2Fv2%2Fcomments&post=597"}],"version-history":[{"count":12,"href":"http:\/\/transversales.teatrolineadesombra.com\/index.php?rest_route=\/wp\/v2\/pages\/597\/revisions"}],"predecessor-version":[{"id":824,"href":"http:\/\/transversales.teatrolineadesombra.com\/index.php?rest_route=\/wp\/v2\/pages\/597\/revisions\/824"}],"wp:attachment":[{"href":"http:\/\/transversales.teatrolineadesombra.com\/index.php?rest_route=%2Fwp%2Fv2%2Fmedia&parent=597"}],"curies":[{"name":"wp","href":"https:\/\/api.w.org\/{rel}","templated":true}]}}