{"id":132,"date":"2020-05-10T19:25:40","date_gmt":"2020-05-10T19:25:40","guid":{"rendered":"http:\/\/transversales.teatrolineadesombra.com\/?page_id=132"},"modified":"2020-09-09T16:35:04","modified_gmt":"2020-09-09T16:35:04","slug":"t20_creditos","status":"publish","type":"page","link":"http:\/\/transversales.teatrolineadesombra.com\/?page_id=132","title":{"rendered":"Transversales #20 \/ Cr\u00e9ditos"},"content":{"rendered":"\t\t<div data-elementor-type=\"wp-page\" data-elementor-id=\"132\" class=\"elementor elementor-132\" data-elementor-settings=\"[]\">\n\t\t\t<div class=\"elementor-inner\">\n\t\t\t\t<div class=\"elementor-section-wrap\">\n\t\t\t\t\t\t\t<section class=\"elementor-element elementor-element-6854fea2 elementor-section-full_width elementor-section-stretched elementor-section-height-default elementor-section-height-default elementor-section elementor-top-section\" data-id=\"6854fea2\" data-element_type=\"section\" data-settings=\"{&quot;background_background&quot;:&quot;classic&quot;,&quot;stretch_section&quot;:&quot;section-stretched&quot;}\">\n\t\t\t\t\t\t<div class=\"elementor-container elementor-column-gap-default\">\n\t\t\t\t<div class=\"elementor-row\">\n\t\t\t\t<div class=\"elementor-element elementor-element-1602f166 elementor-column elementor-col-50 elementor-top-column\" data-id=\"1602f166\" data-element_type=\"column\">\n\t\t\t<div class=\"elementor-column-wrap  elementor-element-populated\">\n\t\t\t\t\t<div class=\"elementor-widget-wrap\">\n\t\t\t\t<div class=\"elementor-element elementor-element-52a06e3e elementor-widget elementor-widget-text-editor\" data-id=\"52a06e3e\" data-element_type=\"widget\" data-widget_type=\"text-editor.default\">\n\t\t\t\t<div class=\"elementor-widget-container\">\n\t\t\t\t\t<div class=\"elementor-text-editor elementor-clearfix\"><p><span style=\"color: #f9ac41;\"><a style=\"color: #f9ac41;\" href=\"http:\/\/transversales.teatrolineadesombra.com\">Transversales 20<\/a><\/span><br \/><span style=\"color: #f9ac41;\">Encuentro Internacional de Escena Contempor\u00e1nea<\/span><\/p><\/div>\n\t\t\t\t<\/div>\n\t\t\t\t<\/div>\n\t\t\t\t<div class=\"elementor-element elementor-element-6c0abb8e elementor-widget elementor-widget-text-editor\" data-id=\"6c0abb8e\" data-element_type=\"widget\" data-widget_type=\"text-editor.default\">\n\t\t\t\t<div class=\"elementor-widget-container\">\n\t\t\t\t\t<div class=\"elementor-text-editor elementor-clearfix\"><p>CDMX 2017<br \/>L\u00edbano \/ B\u00e9lgica \/ M\u00e9xico<\/p><\/div>\n\t\t\t\t<\/div>\n\t\t\t\t<\/div>\n\t\t\t\t\t\t<\/div>\n\t\t\t<\/div>\n\t\t<\/div>\n\t\t\t\t<div class=\"elementor-element elementor-element-394620fc elementor-column elementor-col-50 elementor-top-column\" data-id=\"394620fc\" data-element_type=\"column\">\n\t\t\t<div class=\"elementor-column-wrap  elementor-element-populated\">\n\t\t\t\t\t<div class=\"elementor-widget-wrap\">\n\t\t\t\t<div class=\"elementor-element elementor-element-3effa423 elementor-nav-menu__align-right elementor-nav-menu--dropdown-mobile elementor-nav-menu--stretch elementor-nav-menu--indicator-classic elementor-nav-menu__text-align-aside elementor-nav-menu--toggle elementor-nav-menu--burger elementor-widget elementor-widget-nav-menu\" data-id=\"3effa423\" data-element_type=\"widget\" data-settings=\"{&quot;layout&quot;:&quot;vertical&quot;,&quot;full_width&quot;:&quot;stretch&quot;,&quot;toggle&quot;:&quot;burger&quot;}\" data-widget_type=\"nav-menu.default\">\n\t\t\t\t<div class=\"elementor-widget-container\">\n\t\t\t\t\t\t<nav role=\"navigation\" class=\"elementor-nav-menu--main elementor-nav-menu__container elementor-nav-menu--layout-vertical e--pointer-none\"><ul id=\"menu-1-3effa423\" class=\"elementor-nav-menu sm-vertical\"><li class=\"menu-item menu-item-type-post_type menu-item-object-page menu-item-139\"><a href=\"http:\/\/transversales.teatrolineadesombra.com\/?page_id=33\" class=\"elementor-item\">Presentaci\u00f3n<\/a><\/li>\n<li class=\"menu-item menu-item-type-post_type menu-item-object-page menu-item-138\"><a href=\"http:\/\/transversales.teatrolineadesombra.com\/?page_id=124\" class=\"elementor-item\">Artistas<\/a><\/li>\n<li class=\"menu-item menu-item-type-post_type menu-item-object-page menu-item-208\"><a href=\"http:\/\/transversales.teatrolineadesombra.com\/?page_id=206\" class=\"elementor-item\">Piezas<\/a><\/li>\n<li class=\"menu-item menu-item-type-post_type menu-item-object-page menu-item-204\"><a href=\"http:\/\/transversales.teatrolineadesombra.com\/?page_id=189\" class=\"elementor-item\">Taller<\/a><\/li>\n<li class=\"menu-item menu-item-type-post_type menu-item-object-page menu-item-135\"><a href=\"http:\/\/transversales.teatrolineadesombra.com\/?page_id=130\" class=\"elementor-item\">Foros<\/a><\/li>\n<li class=\"menu-item menu-item-type-post_type menu-item-object-page menu-item-134\"><a href=\"http:\/\/transversales.teatrolineadesombra.com\/?page_id=132\" class=\"elementor-item\">Cr\u00e9ditos<\/a><\/li>\n<\/ul><\/nav>\n\t\t\t\t\t<div class=\"elementor-menu-toggle\" role=\"button\" tabindex=\"0\" aria-label=\"Menu Toggle\" aria-expanded=\"false\">\n\t\t\t<i class=\"eicon-menu-bar\" aria-hidden=\"true\"><\/i>\n\t\t\t<span class=\"elementor-screen-only\">Menu<\/span>\n\t\t<\/div>\n\t\t\t<nav class=\"elementor-nav-menu--dropdown elementor-nav-menu__container\" role=\"navigation\" aria-hidden=\"true\"><ul id=\"menu-2-3effa423\" class=\"elementor-nav-menu sm-vertical\"><li class=\"menu-item menu-item-type-post_type menu-item-object-page menu-item-139\"><a href=\"http:\/\/transversales.teatrolineadesombra.com\/?page_id=33\" class=\"elementor-item\">Presentaci\u00f3n<\/a><\/li>\n<li class=\"menu-item menu-item-type-post_type menu-item-object-page menu-item-138\"><a href=\"http:\/\/transversales.teatrolineadesombra.com\/?page_id=124\" class=\"elementor-item\">Artistas<\/a><\/li>\n<li class=\"menu-item menu-item-type-post_type menu-item-object-page menu-item-208\"><a href=\"http:\/\/transversales.teatrolineadesombra.com\/?page_id=206\" class=\"elementor-item\">Piezas<\/a><\/li>\n<li class=\"menu-item menu-item-type-post_type menu-item-object-page menu-item-204\"><a href=\"http:\/\/transversales.teatrolineadesombra.com\/?page_id=189\" class=\"elementor-item\">Taller<\/a><\/li>\n<li class=\"menu-item menu-item-type-post_type menu-item-object-page menu-item-135\"><a href=\"http:\/\/transversales.teatrolineadesombra.com\/?page_id=130\" class=\"elementor-item\">Foros<\/a><\/li>\n<li class=\"menu-item menu-item-type-post_type menu-item-object-page menu-item-134\"><a href=\"http:\/\/transversales.teatrolineadesombra.com\/?page_id=132\" class=\"elementor-item\">Cr\u00e9ditos<\/a><\/li>\n<\/ul><\/nav>\n\t\t\t\t<\/div>\n\t\t\t\t<\/div>\n\t\t\t\t\t\t<\/div>\n\t\t\t<\/div>\n\t\t<\/div>\n\t\t\t\t\t\t<\/div>\n\t\t\t<\/div>\n\t\t<\/section>\n\t\t\t\t<section class=\"elementor-element elementor-element-5d57299 elementor-section-stretched elementor-section-full_width elementor-section-height-default elementor-section-height-default elementor-section elementor-top-section\" data-id=\"5d57299\" data-element_type=\"section\" data-settings=\"{&quot;stretch_section&quot;:&quot;section-stretched&quot;,&quot;background_background&quot;:&quot;classic&quot;}\">\n\t\t\t\t\t\t<div class=\"elementor-container elementor-column-gap-default\">\n\t\t\t\t<div class=\"elementor-row\">\n\t\t\t\t<div class=\"elementor-element elementor-element-ba57a9e elementor-column elementor-col-100 elementor-top-column\" data-id=\"ba57a9e\" data-element_type=\"column\">\n\t\t\t<div class=\"elementor-column-wrap  elementor-element-populated\">\n\t\t\t\t\t<div class=\"elementor-widget-wrap\">\n\t\t\t\t<div class=\"elementor-element elementor-element-8d6c01c elementor-widget elementor-widget-image\" data-id=\"8d6c01c\" data-element_type=\"widget\" data-widget_type=\"image.default\">\n\t\t\t\t<div class=\"elementor-widget-container\">\n\t\t\t\t\t<div class=\"elementor-image\">\n\t\t\t\t\t\t\t\t\t\t<img width=\"1200\" height=\"745\" src=\"http:\/\/transversales.teatrolineadesombra.com\/wp-content\/uploads\/2020\/05\/07creditos.jpg\" class=\"attachment-full size-full\" alt=\"\" loading=\"lazy\" srcset=\"http:\/\/transversales.teatrolineadesombra.com\/wp-content\/uploads\/2020\/05\/07creditos.jpg 1200w, http:\/\/transversales.teatrolineadesombra.com\/wp-content\/uploads\/2020\/05\/07creditos-300x186.jpg 300w, http:\/\/transversales.teatrolineadesombra.com\/wp-content\/uploads\/2020\/05\/07creditos-1024x636.jpg 1024w, http:\/\/transversales.teatrolineadesombra.com\/wp-content\/uploads\/2020\/05\/07creditos-768x477.jpg 768w\" sizes=\"(max-width: 1200px) 100vw, 1200px\" \/>\t\t\t\t\t\t\t\t\t\t\t<\/div>\n\t\t\t\t<\/div>\n\t\t\t\t<\/div>\n\t\t\t\t\t\t<\/div>\n\t\t\t<\/div>\n\t\t<\/div>\n\t\t\t\t\t\t<\/div>\n\t\t\t<\/div>\n\t\t<\/section>\n\t\t\t\t<section class=\"elementor-element elementor-element-fdf40a0 elementor-section-stretched elementor-section-boxed elementor-section-height-default elementor-section-height-default elementor-section elementor-top-section\" data-id=\"fdf40a0\" data-element_type=\"section\" data-settings=\"{&quot;stretch_section&quot;:&quot;section-stretched&quot;,&quot;background_background&quot;:&quot;classic&quot;}\">\n\t\t\t\t\t\t<div class=\"elementor-container elementor-column-gap-default\">\n\t\t\t\t<div class=\"elementor-row\">\n\t\t\t\t<div class=\"elementor-element elementor-element-1949a23 elementor-column elementor-col-100 elementor-top-column\" data-id=\"1949a23\" data-element_type=\"column\">\n\t\t\t<div class=\"elementor-column-wrap  elementor-element-populated\">\n\t\t\t\t\t<div class=\"elementor-widget-wrap\">\n\t\t\t\t<div class=\"elementor-element elementor-element-2411f21 elementor-widget elementor-widget-text-editor\" data-id=\"2411f21\" data-element_type=\"widget\" data-widget_type=\"text-editor.default\">\n\t\t\t\t<div class=\"elementor-widget-container\">\n\t\t\t\t\t<div class=\"elementor-text-editor elementor-clearfix\"><p><span style=\"color: #f9ac41;\"><strong>Transversales 20<\/strong><\/span><br \/><span style=\"color: #f9ac41;\"><strong>Encuentro Internacional de Escena Contempor\u00e1nea<\/strong><\/span><br \/><span style=\"color: #f9ac41;\">. . .<\/span><\/p><p><span style=\"color: #f9ac41;\"><strong>Direcci\u00f3n Art\u00edstica<\/strong><\/span><br \/><span style=\"color: #f9ac41;\"><a style=\"color: #f9ac41;\" href=\"http:\/\/www.teatrolineadesombra.com\" target=\"_blank\" rel=\"noopener\">Jorge A. Vargas y Alicia Laguna<\/a><\/span><\/p><p><span style=\"color: #f9ac41;\"><strong>Coordinaci\u00f3n General<\/strong><\/span><br \/><span style=\"color: #f9ac41;\">Alicia Laguna<\/span><\/p><p><span style=\"color: #f9ac41;\"><strong>Programaci\u00f3n<\/strong><\/span><br \/><span style=\"color: #f9ac41;\">Alicia Laguna y Eduardo Bernal<\/span><\/p><p><span style=\"color: #f9ac41;\"><strong>Coordinaci\u00f3n de mesas de di\u00e1logo<\/strong><\/span><br \/><span style=\"color: #f9ac41;\">Eduardo Bernal<\/span><\/p><p><span style=\"color: #f9ac41;\"><strong>Direcci\u00f3n t\u00e9cnica<\/strong><\/span><br \/><span style=\"color: #f9ac41;\">Tania Rodr\u00edguez<\/span><\/p><p><span style=\"color: #f9ac41;\"><strong>Administraci\u00f3n<\/strong><\/span><br \/><span style=\"color: #f9ac41;\">Patricia D\u00edaz<\/span><\/p><p><span style=\"color: #f9ac41;\"><strong>Coordinaci\u00f3n de talleres<\/strong><\/span><br \/><span style=\"color: #f9ac41;\"><a style=\"color: #f9ac41;\" href=\"http:\/\/larubia.co\" target=\"_blank\" rel=\"noopener\">Zuadd Atala<\/a><\/span><\/p><p><span style=\"color: #f9ac41;\"><strong>Traducci\u00f3n simult\u00e1nea en talleres<\/strong><\/span><br \/><span style=\"color: #f9ac41;\"><a style=\"color: #f9ac41;\" href=\"https:\/\/isabeltoledo.com.mx\" target=\"_blank\" rel=\"noopener\">Isabel Toledo<\/a><\/span><\/p><p><span style=\"color: #f9ac41;\"><strong>Dise\u00f1o gr\u00e1fico, media y website<\/strong><\/span><br \/><a href=\"http:\/\/insensatostudio.com\" target=\"_blank\" rel=\"noopener\"><span style=\"color: #f9ac41;\">Insensato Studio \/ Carlos Villaju\u00e1rez<\/span><\/a><\/p><p><span style=\"color: #f9ac41;\"><strong>Asistente<\/strong><\/span><br \/><span style=\"color: #f9ac41;\">Mois\u00e9s Flores<\/span><\/p><p><span style=\"color: #f9ac41;\"><strong>Traducci\u00f3n<\/strong><\/span><br \/><span style=\"color: #f9ac41;\">Svetlana Privilovska Garza<\/span><\/p><p><span style=\"color: #f9ac41;\"><strong>Registro fotogr\u00e1fico<\/strong><\/span><br \/><span style=\"color: #f9ac41;\">\u00a9Nacho Ponce<\/span><br \/><span style=\"color: #f9ac41;\">\u00a9 Diana Marcela Cuartas Castillo<\/span><br \/><span style=\"color: #f9ac41;\">\u00a9 Judith Buss<\/span><\/p><\/div>\n\t\t\t\t<\/div>\n\t\t\t\t<\/div>\n\t\t\t\t<div class=\"elementor-element elementor-element-ad73f4e elementor-shape-circle elementor-widget elementor-widget-global elementor-global-402 elementor-widget-social-icons\" data-id=\"ad73f4e\" data-element_type=\"widget\" data-widget_type=\"social-icons.default\">\n\t\t\t\t<div class=\"elementor-widget-container\">\n\t\t\t\t\t<div class=\"elementor-social-icons-wrapper\">\n\t\t\t\t\t\t\t<a class=\"elementor-icon elementor-social-icon elementor-social-icon-facebook elementor-repeater-item-0f9e706\" href=\"https:\/\/www.facebook.com\/transversales\" target=\"_blank\">\n\t\t\t\t\t<span class=\"elementor-screen-only\">Facebook<\/span>\n\t\t\t\t\t<i class=\"fab fa-facebook\"><\/i>\t\t\t\t<\/a>\n\t\t\t\t\t\t\t<a class=\"elementor-icon elementor-social-icon elementor-social-icon-instagram elementor-repeater-item-f074837\" href=\"https:\/\/www.instagram.com\/teatrolineadesombra\" target=\"_blank\">\n\t\t\t\t\t<span class=\"elementor-screen-only\">Instagram<\/span>\n\t\t\t\t\t<i class=\"fab fa-instagram\"><\/i>\t\t\t\t<\/a>\n\t\t\t\t\t\t\t<a class=\"elementor-icon elementor-social-icon elementor-social-icon-twitter elementor-repeater-item-5bdd786\" href=\"https:\/\/twitter.com\/TeatroLineaSomb\" target=\"_blank\">\n\t\t\t\t\t<span class=\"elementor-screen-only\">Twitter<\/span>\n\t\t\t\t\t<i class=\"fab fa-twitter\"><\/i>\t\t\t\t<\/a>\n\t\t\t\t\t\t\t<a class=\"elementor-icon elementor-social-icon elementor-social-icon-vimeo-v elementor-repeater-item-13da830\" href=\"https:\/\/vimeo.com\/teatrolineadesombra\" target=\"_blank\">\n\t\t\t\t\t<span class=\"elementor-screen-only\">Vimeo-v<\/span>\n\t\t\t\t\t<i class=\"fab fa-vimeo-v\"><\/i>\t\t\t\t<\/a>\n\t\t\t\t\t<\/div>\n\t\t\t\t<\/div>\n\t\t\t\t<\/div>\n\t\t\t\t\t\t<\/div>\n\t\t\t<\/div>\n\t\t<\/div>\n\t\t\t\t\t\t<\/div>\n\t\t\t<\/div>\n\t\t<\/section>\n\t\t\t\t<section class=\"elementor-element elementor-element-595d6858 elementor-section-stretched elementor-section-boxed elementor-section-height-default elementor-section-height-default elementor-section elementor-top-section\" data-id=\"595d6858\" data-element_type=\"section\" data-settings=\"{&quot;background_background&quot;:&quot;classic&quot;,&quot;stretch_section&quot;:&quot;section-stretched&quot;}\">\n\t\t\t\t\t\t<div class=\"elementor-container elementor-column-gap-default\">\n\t\t\t\t<div class=\"elementor-row\">\n\t\t\t\t<div class=\"elementor-element elementor-element-15ff81be elementor-column elementor-col-100 elementor-top-column\" data-id=\"15ff81be\" data-element_type=\"column\">\n\t\t\t<div class=\"elementor-column-wrap  elementor-element-populated\">\n\t\t\t\t\t<div class=\"elementor-widget-wrap\">\n\t\t\t\t<div class=\"elementor-element elementor-element-26a51c6f elementor-hidden-phone elementor-widget elementor-widget-image\" data-id=\"26a51c6f\" data-element_type=\"widget\" data-widget_type=\"image.default\">\n\t\t\t\t<div class=\"elementor-widget-container\">\n\t\t\t\t\t<div class=\"elementor-image\">\n\t\t\t\t\t\t\t\t\t\t<img width=\"1578\" height=\"167\" src=\"http:\/\/transversales.teatrolineadesombra.com\/wp-content\/uploads\/2020\/05\/01logos.jpg\" class=\"attachment-full size-full\" alt=\"\" loading=\"lazy\" srcset=\"http:\/\/transversales.teatrolineadesombra.com\/wp-content\/uploads\/2020\/05\/01logos.jpg 1578w, http:\/\/transversales.teatrolineadesombra.com\/wp-content\/uploads\/2020\/05\/01logos-300x32.jpg 300w, http:\/\/transversales.teatrolineadesombra.com\/wp-content\/uploads\/2020\/05\/01logos-1024x108.jpg 1024w, http:\/\/transversales.teatrolineadesombra.com\/wp-content\/uploads\/2020\/05\/01logos-768x81.jpg 768w, http:\/\/transversales.teatrolineadesombra.com\/wp-content\/uploads\/2020\/05\/01logos-1536x163.jpg 1536w\" sizes=\"(max-width: 1578px) 100vw, 1578px\" \/>\t\t\t\t\t\t\t\t\t\t\t<\/div>\n\t\t\t\t<\/div>\n\t\t\t\t<\/div>\n\t\t\t\t<div class=\"elementor-element elementor-element-b6f9cd9 elementor-hidden-desktop elementor-hidden-tablet elementor-widget elementor-widget-image\" data-id=\"b6f9cd9\" data-element_type=\"widget\" data-widget_type=\"image.default\">\n\t\t\t\t<div class=\"elementor-widget-container\">\n\t\t\t\t\t<div class=\"elementor-image\">\n\t\t\t\t\t\t\t\t\t\t<img width=\"803\" height=\"274\" src=\"http:\/\/transversales.teatrolineadesombra.com\/wp-content\/uploads\/2020\/05\/01logosMovil.jpg\" class=\"attachment-full size-full\" alt=\"\" loading=\"lazy\" srcset=\"http:\/\/transversales.teatrolineadesombra.com\/wp-content\/uploads\/2020\/05\/01logosMovil.jpg 803w, http:\/\/transversales.teatrolineadesombra.com\/wp-content\/uploads\/2020\/05\/01logosMovil-300x102.jpg 300w, http:\/\/transversales.teatrolineadesombra.com\/wp-content\/uploads\/2020\/05\/01logosMovil-768x262.jpg 768w\" sizes=\"(max-width: 803px) 100vw, 803px\" \/>\t\t\t\t\t\t\t\t\t\t\t<\/div>\n\t\t\t\t<\/div>\n\t\t\t\t<\/div>\n\t\t\t\t\t\t<\/div>\n\t\t\t<\/div>\n\t\t<\/div>\n\t\t\t\t\t\t<\/div>\n\t\t\t<\/div>\n\t\t<\/section>\n\t\t\t\t\t\t<\/div>\n\t\t\t<\/div>\n\t\t<\/div>\n\t\t","protected":false},"excerpt":{"rendered":"<p>Transversales 20 Encuentro Internacional de Escena Contempor\u00e1nea CDMX 2017 L\u00edbano \/ B\u00e9lgica \/ M\u00e9xico Transversales 20 Encuentro Internacional de Escena Contempor\u00e1nea . . . Direcci\u00f3n Art\u00edstica Jorge A. Vargas y Alicia Laguna Coordinaci\u00f3n General Alicia Laguna Programaci\u00f3n Alicia Laguna y Eduardo Bernal Coordinaci\u00f3n de mesas de di\u00e1logo Eduardo Bernal Direcci\u00f3n t\u00e9cnica Tania Rodr\u00edguez Administraci\u00f3n Patricia &#8230; <a title=\"Transversales #20 \/ Cr\u00e9ditos\" class=\"read-more\" href=\"http:\/\/transversales.teatrolineadesombra.com\/?page_id=132\">Read more<\/a><\/p>\n","protected":false},"author":1,"featured_media":0,"parent":0,"menu_order":0,"comment_status":"closed","ping_status":"closed","template":"","meta":[],"_links":{"self":[{"href":"http:\/\/transversales.teatrolineadesombra.com\/index.php?rest_route=\/wp\/v2\/pages\/132"}],"collection":[{"href":"http:\/\/transversales.teatrolineadesombra.com\/index.php?rest_route=\/wp\/v2\/pages"}],"about":[{"href":"http:\/\/transversales.teatrolineadesombra.com\/index.php?rest_route=\/wp\/v2\/types\/page"}],"author":[{"embeddable":true,"href":"http:\/\/transversales.teatrolineadesombra.com\/index.php?rest_route=\/wp\/v2\/users\/1"}],"replies":[{"embeddable":true,"href":"http:\/\/transversales.teatrolineadesombra.com\/index.php?rest_route=%2Fwp%2Fv2%2Fcomments&post=132"}],"version-history":[{"count":18,"href":"http:\/\/transversales.teatrolineadesombra.com\/index.php?rest_route=\/wp\/v2\/pages\/132\/revisions"}],"predecessor-version":[{"id":510,"href":"http:\/\/transversales.teatrolineadesombra.com\/index.php?rest_route=\/wp\/v2\/pages\/132\/revisions\/510"}],"wp:attachment":[{"href":"http:\/\/transversales.teatrolineadesombra.com\/index.php?rest_route=%2Fwp%2Fv2%2Fmedia&parent=132"}],"curies":[{"name":"wp","href":"https:\/\/api.w.org\/{rel}","templated":true}]}}