{"id":124,"date":"2020-05-10T19:23:31","date_gmt":"2020-05-10T19:23:31","guid":{"rendered":"http:\/\/transversales.teatrolineadesombra.com\/?page_id=124"},"modified":"2020-09-09T15:27:37","modified_gmt":"2020-09-09T15:27:37","slug":"t20_artistas","status":"publish","type":"page","link":"http:\/\/transversales.teatrolineadesombra.com\/?page_id=124","title":{"rendered":"Transversales #20 \/ Artistas"},"content":{"rendered":"\t\t<div data-elementor-type=\"wp-page\" data-elementor-id=\"124\" class=\"elementor elementor-124\" data-elementor-settings=\"[]\">\n\t\t\t<div class=\"elementor-inner\">\n\t\t\t\t<div class=\"elementor-section-wrap\">\n\t\t\t\t\t\t\t<section class=\"elementor-element elementor-element-436f7210 elementor-section-full_width elementor-section-stretched elementor-section-height-default elementor-section-height-default elementor-section elementor-top-section\" data-id=\"436f7210\" data-element_type=\"section\" data-settings=\"{&quot;background_background&quot;:&quot;classic&quot;,&quot;stretch_section&quot;:&quot;section-stretched&quot;}\">\n\t\t\t\t\t\t<div class=\"elementor-container elementor-column-gap-default\">\n\t\t\t\t<div class=\"elementor-row\">\n\t\t\t\t<div class=\"elementor-element elementor-element-34206cf0 elementor-column elementor-col-50 elementor-top-column\" data-id=\"34206cf0\" data-element_type=\"column\">\n\t\t\t<div class=\"elementor-column-wrap  elementor-element-populated\">\n\t\t\t\t\t<div class=\"elementor-widget-wrap\">\n\t\t\t\t<div class=\"elementor-element elementor-element-6d2ebbdf elementor-widget elementor-widget-text-editor\" data-id=\"6d2ebbdf\" data-element_type=\"widget\" data-widget_type=\"text-editor.default\">\n\t\t\t\t<div class=\"elementor-widget-container\">\n\t\t\t\t\t<div class=\"elementor-text-editor elementor-clearfix\"><p><span style=\"color: #f9ac41;\"><a style=\"color: #f9ac41;\" href=\"http:\/\/transversales.teatrolineadesombra.com\">Transversales 20<\/a><\/span><br \/><span style=\"color: #f9ac41;\">Encuentro Internacional de Escena Contempor\u00e1nea<\/span><\/p><\/div>\n\t\t\t\t<\/div>\n\t\t\t\t<\/div>\n\t\t\t\t<div class=\"elementor-element elementor-element-3da72856 elementor-widget elementor-widget-text-editor\" data-id=\"3da72856\" data-element_type=\"widget\" data-widget_type=\"text-editor.default\">\n\t\t\t\t<div class=\"elementor-widget-container\">\n\t\t\t\t\t<div class=\"elementor-text-editor elementor-clearfix\"><p>CDMX 2017<br \/>L\u00edbano \/ B\u00e9lgica \/ M\u00e9xico<\/p><\/div>\n\t\t\t\t<\/div>\n\t\t\t\t<\/div>\n\t\t\t\t\t\t<\/div>\n\t\t\t<\/div>\n\t\t<\/div>\n\t\t\t\t<div class=\"elementor-element elementor-element-59737503 elementor-column elementor-col-50 elementor-top-column\" data-id=\"59737503\" data-element_type=\"column\">\n\t\t\t<div class=\"elementor-column-wrap  elementor-element-populated\">\n\t\t\t\t\t<div class=\"elementor-widget-wrap\">\n\t\t\t\t<div class=\"elementor-element elementor-element-1bf66bb elementor-nav-menu__align-right elementor-nav-menu--dropdown-mobile elementor-nav-menu--stretch elementor-nav-menu--indicator-classic elementor-nav-menu__text-align-aside elementor-nav-menu--toggle elementor-nav-menu--burger elementor-widget elementor-widget-nav-menu\" data-id=\"1bf66bb\" data-element_type=\"widget\" data-settings=\"{&quot;layout&quot;:&quot;vertical&quot;,&quot;full_width&quot;:&quot;stretch&quot;,&quot;toggle&quot;:&quot;burger&quot;}\" data-widget_type=\"nav-menu.default\">\n\t\t\t\t<div class=\"elementor-widget-container\">\n\t\t\t\t\t\t<nav role=\"navigation\" class=\"elementor-nav-menu--main elementor-nav-menu__container elementor-nav-menu--layout-vertical e--pointer-none\"><ul id=\"menu-1-1bf66bb\" class=\"elementor-nav-menu sm-vertical\"><li class=\"menu-item menu-item-type-post_type menu-item-object-page menu-item-139\"><a href=\"http:\/\/transversales.teatrolineadesombra.com\/?page_id=33\" class=\"elementor-item\">Presentaci\u00f3n<\/a><\/li>\n<li class=\"menu-item menu-item-type-post_type menu-item-object-page menu-item-138\"><a href=\"http:\/\/transversales.teatrolineadesombra.com\/?page_id=124\" class=\"elementor-item\">Artistas<\/a><\/li>\n<li class=\"menu-item menu-item-type-post_type menu-item-object-page menu-item-208\"><a href=\"http:\/\/transversales.teatrolineadesombra.com\/?page_id=206\" class=\"elementor-item\">Piezas<\/a><\/li>\n<li class=\"menu-item menu-item-type-post_type menu-item-object-page menu-item-204\"><a href=\"http:\/\/transversales.teatrolineadesombra.com\/?page_id=189\" class=\"elementor-item\">Taller<\/a><\/li>\n<li class=\"menu-item menu-item-type-post_type menu-item-object-page menu-item-135\"><a href=\"http:\/\/transversales.teatrolineadesombra.com\/?page_id=130\" class=\"elementor-item\">Foros<\/a><\/li>\n<li class=\"menu-item menu-item-type-post_type menu-item-object-page menu-item-134\"><a href=\"http:\/\/transversales.teatrolineadesombra.com\/?page_id=132\" class=\"elementor-item\">Cr\u00e9ditos<\/a><\/li>\n<\/ul><\/nav>\n\t\t\t\t\t<div class=\"elementor-menu-toggle\" role=\"button\" tabindex=\"0\" aria-label=\"Menu Toggle\" aria-expanded=\"false\">\n\t\t\t<i class=\"eicon-menu-bar\" aria-hidden=\"true\"><\/i>\n\t\t\t<span class=\"elementor-screen-only\">Menu<\/span>\n\t\t<\/div>\n\t\t\t<nav class=\"elementor-nav-menu--dropdown elementor-nav-menu__container\" role=\"navigation\" aria-hidden=\"true\"><ul id=\"menu-2-1bf66bb\" class=\"elementor-nav-menu sm-vertical\"><li class=\"menu-item menu-item-type-post_type menu-item-object-page menu-item-139\"><a href=\"http:\/\/transversales.teatrolineadesombra.com\/?page_id=33\" class=\"elementor-item\">Presentaci\u00f3n<\/a><\/li>\n<li class=\"menu-item menu-item-type-post_type menu-item-object-page menu-item-138\"><a href=\"http:\/\/transversales.teatrolineadesombra.com\/?page_id=124\" class=\"elementor-item\">Artistas<\/a><\/li>\n<li class=\"menu-item menu-item-type-post_type menu-item-object-page menu-item-208\"><a href=\"http:\/\/transversales.teatrolineadesombra.com\/?page_id=206\" class=\"elementor-item\">Piezas<\/a><\/li>\n<li class=\"menu-item menu-item-type-post_type menu-item-object-page menu-item-204\"><a href=\"http:\/\/transversales.teatrolineadesombra.com\/?page_id=189\" class=\"elementor-item\">Taller<\/a><\/li>\n<li class=\"menu-item menu-item-type-post_type menu-item-object-page menu-item-135\"><a href=\"http:\/\/transversales.teatrolineadesombra.com\/?page_id=130\" class=\"elementor-item\">Foros<\/a><\/li>\n<li class=\"menu-item menu-item-type-post_type menu-item-object-page menu-item-134\"><a href=\"http:\/\/transversales.teatrolineadesombra.com\/?page_id=132\" class=\"elementor-item\">Cr\u00e9ditos<\/a><\/li>\n<\/ul><\/nav>\n\t\t\t\t<\/div>\n\t\t\t\t<\/div>\n\t\t\t\t\t\t<\/div>\n\t\t\t<\/div>\n\t\t<\/div>\n\t\t\t\t\t\t<\/div>\n\t\t\t<\/div>\n\t\t<\/section>\n\t\t\t\t<section class=\"elementor-element elementor-element-fdf40a0 elementor-section-stretched elementor-section-boxed elementor-section-height-default elementor-section-height-default elementor-section elementor-top-section\" data-id=\"fdf40a0\" data-element_type=\"section\" data-settings=\"{&quot;stretch_section&quot;:&quot;section-stretched&quot;,&quot;background_background&quot;:&quot;classic&quot;}\">\n\t\t\t\t\t\t<div class=\"elementor-container elementor-column-gap-default\">\n\t\t\t\t<div class=\"elementor-row\">\n\t\t\t\t<div class=\"elementor-element elementor-element-1949a23 elementor-column elementor-col-100 elementor-top-column\" data-id=\"1949a23\" data-element_type=\"column\">\n\t\t\t<div class=\"elementor-column-wrap  elementor-element-populated\">\n\t\t\t\t\t<div class=\"elementor-widget-wrap\">\n\t\t\t\t<div class=\"elementor-element elementor-element-6732bad elementor-widget elementor-widget-image\" data-id=\"6732bad\" data-element_type=\"widget\" data-widget_type=\"image.default\">\n\t\t\t\t<div class=\"elementor-widget-container\">\n\t\t\t\t\t<div class=\"elementor-image\">\n\t\t\t\t\t\t\t\t\t\t<img width=\"1201\" height=\"598\" src=\"http:\/\/transversales.teatrolineadesombra.com\/wp-content\/uploads\/2020\/05\/03RabihMroue.jpg\" class=\"attachment-full size-full\" alt=\"\" loading=\"lazy\" srcset=\"http:\/\/transversales.teatrolineadesombra.com\/wp-content\/uploads\/2020\/05\/03RabihMroue.jpg 1201w, http:\/\/transversales.teatrolineadesombra.com\/wp-content\/uploads\/2020\/05\/03RabihMroue-300x149.jpg 300w, http:\/\/transversales.teatrolineadesombra.com\/wp-content\/uploads\/2020\/05\/03RabihMroue-1024x510.jpg 1024w, http:\/\/transversales.teatrolineadesombra.com\/wp-content\/uploads\/2020\/05\/03RabihMroue-768x382.jpg 768w\" sizes=\"(max-width: 1201px) 100vw, 1201px\" \/>\t\t\t\t\t\t\t\t\t\t\t<\/div>\n\t\t\t\t<\/div>\n\t\t\t\t<\/div>\n\t\t\t\t<div class=\"elementor-element elementor-element-1c9417e elementor-widget elementor-widget-text-editor\" data-id=\"1c9417e\" data-element_type=\"widget\" data-widget_type=\"text-editor.default\">\n\t\t\t\t<div class=\"elementor-widget-container\">\n\t\t\t\t\t<div class=\"elementor-text-editor elementor-clearfix\"><p><strong>Rabih Mrou\u00e9<\/strong><\/p><\/div>\n\t\t\t\t<\/div>\n\t\t\t\t<\/div>\n\t\t\t\t<div class=\"elementor-element elementor-element-7975a64 elementor-widget elementor-widget-text-editor\" data-id=\"7975a64\" data-element_type=\"widget\" data-widget_type=\"text-editor.default\">\n\t\t\t\t<div class=\"elementor-widget-container\">\n\t\t\t\t\t<div class=\"elementor-text-editor elementor-clearfix\"><p>L\u00edbano,\u00a01967<\/p><p>Actualmente vive en Berl\u00edn. Como artista, actor y director, Mrou\u00e9 es co-fundador del Centro de Arte Beirut, ha contribuido como editor de TDR: The Drama Review (NYC), y como director de teatro en el M\u00fcnchner Kammerspiele (Munich).<\/p><p>Fue miembro del Centro Internacional de Investigaci\u00f3n \u201cInterweaving Performance Cultures\u201d\/ Freie Universit\u00e4t \u2013 Berlin 2013\/2014<\/p><\/div>\n\t\t\t\t<\/div>\n\t\t\t\t<\/div>\n\t\t\t\t<div class=\"elementor-element elementor-element-de89ae1 elementor-widget elementor-widget-image\" data-id=\"de89ae1\" data-element_type=\"widget\" data-widget_type=\"image.default\">\n\t\t\t\t<div class=\"elementor-widget-container\">\n\t\t\t\t\t<div class=\"elementor-image\">\n\t\t\t\t\t\t\t\t\t\t<img width=\"1201\" height=\"598\" src=\"http:\/\/transversales.teatrolineadesombra.com\/wp-content\/uploads\/2020\/05\/03Lina-Majdalanie.jpg\" class=\"attachment-full size-full\" alt=\"\" loading=\"lazy\" srcset=\"http:\/\/transversales.teatrolineadesombra.com\/wp-content\/uploads\/2020\/05\/03Lina-Majdalanie.jpg 1201w, http:\/\/transversales.teatrolineadesombra.com\/wp-content\/uploads\/2020\/05\/03Lina-Majdalanie-300x149.jpg 300w, http:\/\/transversales.teatrolineadesombra.com\/wp-content\/uploads\/2020\/05\/03Lina-Majdalanie-1024x510.jpg 1024w, http:\/\/transversales.teatrolineadesombra.com\/wp-content\/uploads\/2020\/05\/03Lina-Majdalanie-768x382.jpg 768w\" sizes=\"(max-width: 1201px) 100vw, 1201px\" \/>\t\t\t\t\t\t\t\t\t\t\t<\/div>\n\t\t\t\t<\/div>\n\t\t\t\t<\/div>\n\t\t\t\t<div class=\"elementor-element elementor-element-36125c1 elementor-widget elementor-widget-text-editor\" data-id=\"36125c1\" data-element_type=\"widget\" data-widget_type=\"text-editor.default\">\n\t\t\t\t<div class=\"elementor-widget-container\">\n\t\t\t\t\t<div class=\"elementor-text-editor elementor-clearfix\"><p><strong>Lina Majdalanie<\/strong><\/p><\/div>\n\t\t\t\t<\/div>\n\t\t\t\t<\/div>\n\t\t\t\t<div class=\"elementor-element elementor-element-852cc70 elementor-widget elementor-widget-text-editor\" data-id=\"852cc70\" data-element_type=\"widget\" data-widget_type=\"text-editor.default\">\n\t\t\t\t<div class=\"elementor-widget-container\">\n\t\t\t\t\t<div class=\"elementor-text-editor elementor-clearfix\"><p>L\u00edbano<\/p><p>Actriz, directora y escritora.<br \/>Fue miembro del espacio de arte Workspace Curricular Comittee-Ashkal Alwan 2012-2015, profesora de la Escuela de Alto dise\u00f1o de Arte de Ginebra (2008-20013) miembro del Centro Internacional de Investigaci\u00f3n \u00a8Interweaving Performance Cultures\u00a8\/ Freie Universit\u00e4t \u2013 Berlin 2009\/2010<br \/><br \/>Sus trabajos incluyen: <em>33 rpm and a few seconds<\/em> (2012), <em>Photo-Romance<\/em> (2009), <em>Lina Saneh Body-P-Arts Project<\/em> (a website project, 2007 \/ instalaci\u00f3n, 2009), <em>Someone Must Have Been Telling Lies About Me<\/em> (video-instalaci\u00f3n, 2008),<em> Appendice<\/em> (2007), <em>I Had A Dream, Mom<\/em> (vid\u00e9o, 2006), <em>Biokhraphia<\/em> (2002), <em>Extrait d\u2019Etat Civil<\/em> (2000) <em>So Litle Time<\/em> como performer.<br \/><br \/><strong>Fotograf\u00eda<\/strong> \u00a9judith buss<\/p><\/div>\n\t\t\t\t<\/div>\n\t\t\t\t<\/div>\n\t\t\t\t<div class=\"elementor-element elementor-element-3ade01a elementor-widget elementor-widget-image\" data-id=\"3ade01a\" data-element_type=\"widget\" data-widget_type=\"image.default\">\n\t\t\t\t<div class=\"elementor-widget-container\">\n\t\t\t\t\t<div class=\"elementor-image\">\n\t\t\t\t\t\t\t\t\t\t<img width=\"1201\" height=\"598\" src=\"http:\/\/transversales.teatrolineadesombra.com\/wp-content\/uploads\/2020\/05\/03HansBryssinck.jpg\" class=\"attachment-full size-full\" alt=\"\" loading=\"lazy\" srcset=\"http:\/\/transversales.teatrolineadesombra.com\/wp-content\/uploads\/2020\/05\/03HansBryssinck.jpg 1201w, http:\/\/transversales.teatrolineadesombra.com\/wp-content\/uploads\/2020\/05\/03HansBryssinck-300x149.jpg 300w, http:\/\/transversales.teatrolineadesombra.com\/wp-content\/uploads\/2020\/05\/03HansBryssinck-1024x510.jpg 1024w, http:\/\/transversales.teatrolineadesombra.com\/wp-content\/uploads\/2020\/05\/03HansBryssinck-768x382.jpg 768w\" sizes=\"(max-width: 1201px) 100vw, 1201px\" \/>\t\t\t\t\t\t\t\t\t\t\t<\/div>\n\t\t\t\t<\/div>\n\t\t\t\t<\/div>\n\t\t\t\t<div class=\"elementor-element elementor-element-2411f21 elementor-widget elementor-widget-text-editor\" data-id=\"2411f21\" data-element_type=\"widget\" data-widget_type=\"text-editor.default\">\n\t\t\t\t<div class=\"elementor-widget-container\">\n\t\t\t\t\t<div class=\"elementor-text-editor elementor-clearfix\"><p><strong>Hans Bryssinck<\/strong><\/p><\/div>\n\t\t\t\t<\/div>\n\t\t\t\t<\/div>\n\t\t\t\t<div class=\"elementor-element elementor-element-c76728a elementor-widget elementor-widget-text-editor\" data-id=\"c76728a\" data-element_type=\"widget\" data-widget_type=\"text-editor.default\">\n\t\t\t\t<div class=\"elementor-widget-container\">\n\t\t\t\t\t<div class=\"elementor-text-editor elementor-clearfix\"><p>Artista invitado<br \/><br \/>Hans Bryssinck recibi\u00f3 instrucci\u00f3n formal en KASK en Gante (BE) donde aprendi\u00f3 a desarrollar pr\u00e1cticas art\u00edsticas multidisciplinarias y vers\u00e1tiles. Sus exploraciones art\u00edsticas iniciales lo llevaron a trabajar como dise\u00f1ador, actor, a hacer teatro, y como artista visual y cineasta.<br \/><br \/>En 2004 termin\u00f3 el programa de investigaci\u00f3n en estudios teatrales y danc\u00edsticos DasArts en \u00c1msterdam. En los a\u00f1os siguientes llev\u00f3 al escenario obras que desarroll\u00f3 a trav\u00e9s de una variedad de colaboraciones art\u00edsticas. M\u00e1s recientemente, volvi\u00f3 a realizar pr\u00e1cticas m\u00e1s diversificadas que incluyen m\u00fasica, cine y publicaciones. En dichos proyectos, los temas se abordan a trav\u00e9s varias formas de performatividad y la mayor\u00eda de las veces, los interpreta en suelo Latinoamericano. Hans Bryssinck es uno de los miembros fundadores de SPIN, plataforma que apoya artistas en proyectos de producci\u00f3n e investigaci\u00f3n.<\/p><\/div>\n\t\t\t\t<\/div>\n\t\t\t\t<\/div>\n\t\t\t\t\t\t<\/div>\n\t\t\t<\/div>\n\t\t<\/div>\n\t\t\t\t\t\t<\/div>\n\t\t\t<\/div>\n\t\t<\/section>\n\t\t\t\t<section class=\"elementor-element elementor-element-761e2525 elementor-section-stretched elementor-section-boxed elementor-section-height-default elementor-section-height-default elementor-section elementor-top-section\" data-id=\"761e2525\" data-element_type=\"section\" data-settings=\"{&quot;background_background&quot;:&quot;classic&quot;,&quot;stretch_section&quot;:&quot;section-stretched&quot;}\">\n\t\t\t\t\t\t<div class=\"elementor-container elementor-column-gap-default\">\n\t\t\t\t<div class=\"elementor-row\">\n\t\t\t\t<div class=\"elementor-element elementor-element-1450f0c2 elementor-column elementor-col-100 elementor-top-column\" data-id=\"1450f0c2\" data-element_type=\"column\">\n\t\t\t<div class=\"elementor-column-wrap  elementor-element-populated\">\n\t\t\t\t\t<div class=\"elementor-widget-wrap\">\n\t\t\t\t<div class=\"elementor-element elementor-element-52f4b370 elementor-hidden-phone elementor-widget elementor-widget-image\" data-id=\"52f4b370\" data-element_type=\"widget\" data-widget_type=\"image.default\">\n\t\t\t\t<div class=\"elementor-widget-container\">\n\t\t\t\t\t<div class=\"elementor-image\">\n\t\t\t\t\t\t\t\t\t\t<img width=\"1578\" height=\"167\" src=\"http:\/\/transversales.teatrolineadesombra.com\/wp-content\/uploads\/2020\/05\/01logos.jpg\" class=\"attachment-full size-full\" alt=\"\" loading=\"lazy\" srcset=\"http:\/\/transversales.teatrolineadesombra.com\/wp-content\/uploads\/2020\/05\/01logos.jpg 1578w, http:\/\/transversales.teatrolineadesombra.com\/wp-content\/uploads\/2020\/05\/01logos-300x32.jpg 300w, http:\/\/transversales.teatrolineadesombra.com\/wp-content\/uploads\/2020\/05\/01logos-1024x108.jpg 1024w, http:\/\/transversales.teatrolineadesombra.com\/wp-content\/uploads\/2020\/05\/01logos-768x81.jpg 768w, http:\/\/transversales.teatrolineadesombra.com\/wp-content\/uploads\/2020\/05\/01logos-1536x163.jpg 1536w\" sizes=\"(max-width: 1578px) 100vw, 1578px\" \/>\t\t\t\t\t\t\t\t\t\t\t<\/div>\n\t\t\t\t<\/div>\n\t\t\t\t<\/div>\n\t\t\t\t<div class=\"elementor-element elementor-element-1dff5a93 elementor-hidden-desktop elementor-hidden-tablet elementor-widget elementor-widget-image\" data-id=\"1dff5a93\" data-element_type=\"widget\" data-widget_type=\"image.default\">\n\t\t\t\t<div class=\"elementor-widget-container\">\n\t\t\t\t\t<div class=\"elementor-image\">\n\t\t\t\t\t\t\t\t\t\t<img width=\"803\" height=\"274\" src=\"http:\/\/transversales.teatrolineadesombra.com\/wp-content\/uploads\/2020\/05\/01logosMovil.jpg\" class=\"attachment-full size-full\" alt=\"\" loading=\"lazy\" srcset=\"http:\/\/transversales.teatrolineadesombra.com\/wp-content\/uploads\/2020\/05\/01logosMovil.jpg 803w, http:\/\/transversales.teatrolineadesombra.com\/wp-content\/uploads\/2020\/05\/01logosMovil-300x102.jpg 300w, http:\/\/transversales.teatrolineadesombra.com\/wp-content\/uploads\/2020\/05\/01logosMovil-768x262.jpg 768w\" sizes=\"(max-width: 803px) 100vw, 803px\" \/>\t\t\t\t\t\t\t\t\t\t\t<\/div>\n\t\t\t\t<\/div>\n\t\t\t\t<\/div>\n\t\t\t\t\t\t<\/div>\n\t\t\t<\/div>\n\t\t<\/div>\n\t\t\t\t\t\t<\/div>\n\t\t\t<\/div>\n\t\t<\/section>\n\t\t\t\t\t\t<\/div>\n\t\t\t<\/div>\n\t\t<\/div>\n\t\t","protected":false},"excerpt":{"rendered":"<p>Transversales 20 Encuentro Internacional de Escena Contempor\u00e1nea CDMX 2017 L\u00edbano \/ B\u00e9lgica \/ M\u00e9xico Rabih Mrou\u00e9 L\u00edbano,&nbsp;1967 Actualmente vive en Berl\u00edn. Como artista, actor y director, Mrou\u00e9 es co-fundador del Centro de Arte Beirut, ha contribuido como editor de TDR: The Drama Review (NYC), y como director de teatro en el M\u00fcnchner Kammerspiele (Munich). Fue &#8230; <a title=\"Transversales #20 \/ Artistas\" class=\"read-more\" href=\"http:\/\/transversales.teatrolineadesombra.com\/?page_id=124\">Read more<\/a><\/p>\n","protected":false},"author":1,"featured_media":0,"parent":0,"menu_order":0,"comment_status":"closed","ping_status":"closed","template":"","meta":[],"_links":{"self":[{"href":"http:\/\/transversales.teatrolineadesombra.com\/index.php?rest_route=\/wp\/v2\/pages\/124"}],"collection":[{"href":"http:\/\/transversales.teatrolineadesombra.com\/index.php?rest_route=\/wp\/v2\/pages"}],"about":[{"href":"http:\/\/transversales.teatrolineadesombra.com\/index.php?rest_route=\/wp\/v2\/types\/page"}],"author":[{"embeddable":true,"href":"http:\/\/transversales.teatrolineadesombra.com\/index.php?rest_route=\/wp\/v2\/users\/1"}],"replies":[{"embeddable":true,"href":"http:\/\/transversales.teatrolineadesombra.com\/index.php?rest_route=%2Fwp%2Fv2%2Fcomments&post=124"}],"version-history":[{"count":10,"href":"http:\/\/transversales.teatrolineadesombra.com\/index.php?rest_route=\/wp\/v2\/pages\/124\/revisions"}],"predecessor-version":[{"id":504,"href":"http:\/\/transversales.teatrolineadesombra.com\/index.php?rest_route=\/wp\/v2\/pages\/124\/revisions\/504"}],"wp:attachment":[{"href":"http:\/\/transversales.teatrolineadesombra.com\/index.php?rest_route=%2Fwp%2Fv2%2Fmedia&parent=124"}],"curies":[{"name":"wp","href":"https:\/\/api.w.org\/{rel}","templated":true}]}}